{"id":42,"date":"2024-09-04T13:59:39","date_gmt":"2024-09-04T13:59:39","guid":{"rendered":"https:\/\/niraakademi.com\/?page_id=42"},"modified":"2024-09-11T23:03:38","modified_gmt":"2024-09-11T23:03:38","slug":"marka-danismanligi","status":"publish","type":"page","link":"https:\/\/niraakademi.com\/index.php\/marka-danismanligi\/","title":{"rendered":"Marka Dan\u0131\u015fmanl\u0131\u011f\u0131"},"content":{"rendered":"\n<figure class=\"wp-block-image alignwide size-full\"><img fetchpriority=\"high\" decoding=\"async\" width=\"810\" height=\"440\" src=\"https:\/\/niraakademi.com\/wp-content\/uploads\/2024\/09\/Marka.webp\" alt=\"\" class=\"wp-image-442\" srcset=\"https:\/\/niraakademi.com\/wp-content\/uploads\/2024\/09\/Marka.webp 810w, https:\/\/niraakademi.com\/wp-content\/uploads\/2024\/09\/Marka-300x163.webp 300w, https:\/\/niraakademi.com\/wp-content\/uploads\/2024\/09\/Marka-768x417.webp 768w\" sizes=\"(max-width: 810px) 100vw, 810px\" \/><\/figure>\n\n\n\n<p><\/p>\n\n\n\n<p><\/p>\n\n\n\n<p class=\"has-medium-font-size\"><strong>Marka;<\/strong>\u00a0T\u00fcketicinin \u00fcr\u00fcn veya hizmeti, \u00f6zellikleri, yararlar\u0131 ve kalitesi gibi somut ve soyut unsurlar\u0131yla alg\u0131lama \u015feklidir.<\/p>\n\n\n\n<p>Marka dan\u0131\u015fmanl\u0131\u011f\u0131, bir i\u015fletmenin marka kimli\u011fini olu\u015fturma, y\u00f6netme ve geli\u015ftirme s\u00fcre\u00e7lerine y\u00f6nelik uzmanl\u0131k hizmeti sunan bir dan\u0131\u015fmanl\u0131k t\u00fcr\u00fcd\u00fcr. Marka dan\u0131\u015fmanlar\u0131, bir \u015firketin pazarda nas\u0131l alg\u0131land\u0131\u011f\u0131n\u0131, t\u00fcketicilerle nas\u0131l etkile\u015fim kurdu\u011funu ve markan\u0131n de\u011ferini nas\u0131l art\u0131raca\u011f\u0131n\u0131 analiz ederek stratejiler geli\u015ftirirler. <\/p>\n\n\n\n<p>Temel faaliyetleri \u015funlard\u0131r:<\/p>\n\n\n\n<p><strong>Marka Kimli\u011fi Olu\u015fturma:<\/strong>  Marka kimli\u011fi, \u015firketinizin d\u0131\u015f d\u00fcnyaya nas\u0131l g\u00f6r\u00fcnd\u00fc\u011f\u00fcn\u00fcn temel ta\u015f\u0131d\u0131r. \u015eirketinizin misyonunu, vizyonunu, de\u011ferlerini ve hedeflerini yans\u0131tan g\u00fc\u00e7l\u00fc bir marka kimli\u011fi olu\u015fturarak, hedef kitlenizle derin bir ba\u011f kurman\u0131z\u0131 sa\u011fl\u0131yoruz. Bu s\u00fcre\u00e7, sadece logo, renk paleti ve yaz\u0131 tipi gibi g\u00f6rsel unsurlar\u0131 kapsamakla kalmaz; ayn\u0131 zamanda markan\u0131z\u0131n sesini duyuracak dil ve tonu da i\u00e7erir. Do\u011fru g\u00f6rseller ve etkileyici bir ileti\u015fim diliyle, markan\u0131z\u0131n her etkile\u015fimde tutarl\u0131 ve etkili olmas\u0131n\u0131 sa\u011fl\u0131yoruz. G\u00fc\u00e7l\u00fc bir marka kimli\u011fi, sizi rakiplerinizden ay\u0131r\u0131r ve m\u00fc\u015fteri sadakati olu\u015fturur. \u015eirketinizin \u00f6z\u00fcn\u00fc yans\u0131tan, dikkat \u00e7eken ve ak\u0131lda kal\u0131c\u0131 bir kimlik i\u00e7in yarat\u0131c\u0131 \u00e7\u00f6z\u00fcmlerimizle yan\u0131n\u0131zday\u0131z. Markan\u0131z\u0131 g\u00fc\u00e7lendirin, hikayenizi do\u011fru bir kimlikle anlat\u0131n!<\/p>\n\n\n\n<p><\/p>\n\n\n\n<ul class=\"wp-block-list\">\n<li><strong>Pazar ve Rakip Analizi:<\/strong> Ba\u015far\u0131l\u0131 bir marka, pazar\u0131n\u0131 ve rakiplerini derinlemesine analiz ederek rekabette \u00f6ne \u00e7\u0131kar. Dan\u0131\u015fmanl\u0131k hizmetlerimizle, markan\u0131z\u0131n konumland\u0131\u011f\u0131 pazar\u0131 detayl\u0131ca inceliyor ve rakiplerinizi analiz ediyoruz. Bu sayede, markan\u0131z\u0131n kendini farkl\u0131la\u015ft\u0131rabilece\u011fi f\u0131rsatlar\u0131 ve g\u00fc\u00e7l\u00fc yanlar\u0131 ortaya \u00e7\u0131kar\u0131yoruz. Pazar ve rakip analizi s\u00fcrecimiz, sadece mevcut durumunuzu anlamakla kalmaz, ayn\u0131 zamanda rakiplerinizin zay\u0131f y\u00f6nlerine kar\u015f\u0131 nas\u0131l bir avantaj sa\u011flayabilece\u011finizi netle\u015ftirir. Bu bilgiler \u0131\u015f\u0131\u011f\u0131nda, markan\u0131z\u0131n pazar i\u00e7inde kendini daha g\u00fc\u00e7l\u00fc bir \u015fekilde konumland\u0131rmas\u0131n\u0131 ve benzersiz bir de\u011fer sunmas\u0131n\u0131 sa\u011fl\u0131yoruz. Markan\u0131z\u0131 bir ad\u0131m \u00f6ne \u00e7\u0131karmak ve fark yaratmak i\u00e7in, sizinle rekabet avantaj\u0131 olu\u015fturacak stratejiler geli\u015ftiriyoruz.<\/li>\n<\/ul>\n\n\n\n<p><\/p>\n\n\n\n<ul class=\"wp-block-list\">\n<li><strong>Marka Stratejisi Geli\u015ftirme:<\/strong>Marka stratejisi, markan\u0131z\u0131n hedef kitlenizle nas\u0131l bir ba\u011f kuraca\u011f\u0131n\u0131 belirleyen kritik bir pland\u0131r. Biz, bu s\u00fcreci sizin i\u00e7in detayl\u0131 ve etkili bir \u015fekilde y\u00f6netiyoruz, b\u00f6ylece markan\u0131z\u0131n benzersiz de\u011ferini do\u011fru \u015fekilde iletebilirsiniz. \u0130lk olarak, markan\u0131z\u0131n kimli\u011fini ve pazardaki yerini net bir \u015fekilde tan\u0131ml\u0131yoruz. Hedef kitlenizi anlamak i\u00e7in derinlemesine analizler yaparak, onlar\u0131n ihtiya\u00e7lar\u0131n\u0131, tercihlerini ve davran\u0131\u015flar\u0131n\u0131 belirliyoruz. Bu bilgileri kullanarak, markan\u0131z\u0131n sesinin hangi mesajlarla ve tonla en iyi \u015fekilde yank\u0131lanaca\u011f\u0131n\u0131 tasarl\u0131yoruz.                                                                                                                                                                                                                                                                                  Marka stratejinizi olu\u015ftururken, \u015funlar\u0131 kapsayan kapsaml\u0131 bir plan haz\u0131rl\u0131yoruz<\/li>\n<\/ul>\n\n\n\n<p><\/p>\n\n\n\n<p><\/p>\n\n\n\n<ul class=\"wp-block-list\">\n<li><em>\u0130leti\u015fim Y\u00f6ntemleri<\/em>: Hedef kitlenizle etkili bir \u015fekilde nas\u0131l ileti\u015fim kuraca\u011f\u0131n\u0131z\u0131 belirliyoruz. Bu, markan\u0131z\u0131n ses tonundan, mesaj i\u00e7eri\u011fine kadar her \u015feyi kapsar.<\/li>\n\n\n\n<li><em>Kanal Se\u00e7imi:<\/em> Markan\u0131z\u0131n hangi ileti\u015fim kanallar\u0131n\u0131 kullanarak hedef kitlenize ula\u015faca\u011f\u0131n\u0131 se\u00e7iyoruz. Dijital medya, sosyal medya, geleneksel reklamlar ve di\u011fer platformlar aras\u0131nda en uygun kanallar\u0131 belirliyoruz.<\/li>\n\n\n\n<li><em>Mesaj\u0131n \u0130letilmesi:<\/em> Markan\u0131z\u0131n de\u011ferlerini ve hikayesini hedef kitlenize nas\u0131l iletece\u011finizi planl\u0131yoruz. Mesaj\u0131n\u0131z\u0131n a\u00e7\u0131k, tutarl\u0131 ve etkileyici olmas\u0131n\u0131 sa\u011flamak i\u00e7in stratejik bir yakla\u015f\u0131m benimsiyoruz.  Bu stratejik yakla\u015f\u0131mla, markan\u0131z\u0131n g\u00fc\u00e7l\u00fc y\u00f6nlerini \u00f6ne \u00e7\u0131kararak hedef kitlenizle derin bir ba\u011f kurmas\u0131n\u0131 sa\u011fl\u0131yoruz. Rekabette \u00f6ne \u00e7\u0131kmak ve marka bilinirli\u011finizi art\u0131rmak i\u00e7in size \u00f6zel, etkili bir marka stratejisi olu\u015fturuyoruz.<\/li>\n<\/ul>\n\n\n\n<p><\/p>\n\n\n\n<ul class=\"wp-block-list\">\n<li><strong>Marka Y\u00f6netimi:<\/strong> Marka de\u011feri, bir \u015firketin pazardaki prestijini ve rekabet g\u00fcc\u00fcn\u00fc belirleyen \u00f6nemli bir fakt\u00f6rd\u00fcr. Uzun vadede ba\u015far\u0131l\u0131 olmak i\u00e7in markan\u0131z\u0131 s\u00fcrekli olarak g\u00fc\u00e7lendirmek ve de\u011ferini art\u0131rmak kritik \u00f6neme sahiptir. Biz, markan\u0131z\u0131n de\u011ferini art\u0131rmak ve tutarl\u0131 bir \u015fekilde y\u00f6netilmesini sa\u011flamak i\u00e7in stratejik \u00e7\u00f6z\u00fcmler sunuyoruz.<\/li>\n<\/ul>\n\n\n\n<p><\/p>\n\n\n\n<ul class=\"wp-block-list\">\n<li>Stratejik Yakla\u015f\u0131m\u0131m\u0131z \u015eunlar\u0131 Kapsar<\/li>\n<\/ul>\n\n\n\n<p><\/p>\n\n\n\n<ul class=\"wp-block-list\">\n<li><em>De\u011fer Teklifi Olu\u015fturma:<\/em> Markan\u0131z\u0131n sundu\u011fu benzersiz de\u011ferleri ve avantajlar\u0131 net bir \u015fekilde tan\u0131ml\u0131yoruz. M\u00fc\u015fterilerinize sundu\u011funuz faydalar\u0131 vurgulayarak, markan\u0131z\u0131n de\u011fer teklifini g\u00fc\u00e7lendiriyoruz.<\/li>\n\n\n\n<li><em>Tutarl\u0131 \u0130leti\u015fim:<\/em> Markan\u0131z\u0131n mesaj\u0131n\u0131 her platformda ve ileti\u015fim kanal\u0131nda tutarl\u0131 bir \u015fekilde ileterek g\u00fcvenilirli\u011finizi art\u0131r\u0131yoruz. Marka diliniz ve tonu, t\u00fcm etkile\u015fimlerde ayn\u0131 y\u00fcksek standartlar\u0131 koruyacak \u015fekilde d\u00fczenleniyor.<\/li>\n\n\n\n<li><em>M\u00fc\u015fteri Deneyimi:<\/em> M\u00fc\u015fterilerinizle olan her temas noktas\u0131, marka de\u011ferinizin bir yans\u0131mas\u0131d\u0131r. M\u00fc\u015fteri memnuniyetini art\u0131rmak ve beklentileri a\u015fmak i\u00e7in stratejik \u00e7\u00f6z\u00fcmler geli\u015ftiriyoruz.<\/li>\n\n\n\n<li><em>G\u00f6rsel Kimlik ve \u0130maj: <\/em>Logo, renk paleti ve di\u011fer g\u00f6rsel unsurlar arac\u0131l\u0131\u011f\u0131yla markan\u0131z\u0131n g\u00fc\u00e7l\u00fc ve etkileyici bir imaj olu\u015fturmas\u0131n\u0131 sa\u011fl\u0131yoruz. Bu, markan\u0131z\u0131n tan\u0131nabilirli\u011fini art\u0131r\u0131r ve tutarl\u0131 bir g\u00f6rsel kimlik sunar.<\/li>\n\n\n\n<li><em>S\u00fcrekli \u0130yile\u015ftirme ve Yenilik:<\/em> Pazar dinamiklerini ve m\u00fc\u015fteri ihtiya\u00e7lar\u0131n\u0131 takip ederek, markan\u0131z\u0131 s\u00fcrekli olarak yeniliyoruz. De\u011fi\u015fen trendlere uyum sa\u011flayarak markan\u0131z\u0131n g\u00fcncel ve rekabet\u00e7i kalmas\u0131n\u0131 sa\u011fl\u0131yoruz.Marka de\u011ferinizin artmas\u0131, uzun vadeli ba\u015far\u0131y\u0131 ve m\u00fc\u015fteri ba\u011fl\u0131l\u0131\u011f\u0131n\u0131 beraberinde getirir. Biz, markan\u0131z\u0131 stratejik bir \u015fekilde g\u00fc\u00e7lendirmek ve s\u00fcrd\u00fcr\u00fclebilir bir ba\u015far\u0131 sa\u011flamak i\u00e7in yan\u0131n\u0131zday\u0131z. Marka de\u011ferinizi art\u0131r\u0131n ve markan\u0131z\u0131 uzun vadede g\u00fc\u00e7l\u00fc bir \u015fekilde y\u00f6netin!<\/li>\n<\/ul>\n\n\n\n<p><\/p>\n\n\n\n<ul class=\"wp-block-list\">\n<li><strong>T\u00fcketici Alg\u0131s\u0131n\u0131 Geli\u015ftirme:<\/strong> T\u00fcketici alg\u0131s\u0131n\u0131 g\u00fc\u00e7lendirmek, markan\u0131z\u0131n pazardaki etkisini ve m\u00fc\u015fteri sadakatini art\u0131rman\u0131n temel yoludur. Biz, markan\u0131z\u0131n t\u00fcketici g\u00f6z\u00fcndeki de\u011ferini ve imaj\u0131n\u0131 g\u00fc\u00e7lendirmek i\u00e7in stratejik \u00e7\u00f6z\u00fcmler sunuyoruz.<\/li>\n<\/ul>\n\n\n\n<p><\/p>\n\n\n\n<ul class=\"wp-block-list\">\n<li>Nas\u0131l Yap\u0131yoruz?<\/li>\n<\/ul>\n\n\n\n<p><\/p>\n\n\n\n<ul class=\"wp-block-list\">\n<li><em>Duygusal Ba\u011f Kurma:<\/em> T\u00fcketicilerle g\u00fc\u00e7l\u00fc bir duygusal ba\u011f kurmak, markan\u0131z\u0131n kal\u0131c\u0131 bir yer edinmesini sa\u011flar. Markan\u0131z\u0131n de\u011ferlerini ve hikayesini etkileyici bir \u015fekilde sunarak, m\u00fc\u015fterilerinizin kalplerine dokunuyoruz.<\/li>\n\n\n\n<li><em>Alg\u0131 Y\u00f6netimi:<\/em> Markan\u0131z\u0131n t\u00fcketici alg\u0131s\u0131ndaki yeri, etkili bir ileti\u015fim ve marka y\u00f6netimi ile \u015fekillenir. Pozitif ve tutarl\u0131 mesajlarla markan\u0131z\u0131n g\u00fc\u00e7l\u00fc y\u00f6nlerini \u00f6ne \u00e7\u0131kar\u0131yor, olumsuz alg\u0131lar\u0131 minimize ediyoruz.<\/li>\n\n\n\n<li><em>\u00d6zg\u00fcn Deneyimler Sunma<\/em>: M\u00fc\u015fterilerinize unutulmaz deneyimler sunarak, markan\u0131za olan ba\u011fl\u0131l\u0131klar\u0131n\u0131 art\u0131r\u0131yoruz. \u00d6zel kampanyalar, ki\u015fiselle\u015ftirilmi\u015f hizmetler ve etkili etkile\u015fimlerle markan\u0131z\u0131n iz b\u0131rakan bir etki yaratmas\u0131n\u0131 sa\u011fl\u0131yoruz.<\/li>\n\n\n\n<li><em>Sosyal Kan\u0131t ve G\u00fcvenilirlik:<\/em> M\u00fc\u015fteri yorumlar\u0131, ba\u015far\u0131 hikayeleri ve sosyal kan\u0131tlar arac\u0131l\u0131\u011f\u0131yla markan\u0131z\u0131n g\u00fcvenilirli\u011fini art\u0131r\u0131yoruz. M\u00fc\u015fterilerinizin markan\u0131za olan g\u00fcvenini peki\u015ftirerek, sad\u0131k bir m\u00fc\u015fteri kitlesi olu\u015fturuyoruz.<\/li>\n\n\n\n<li><em>Tutarl\u0131 \u0130leti\u015fim ve G\u00f6rsel Kimlik<\/em>: Markan\u0131z\u0131n t\u00fcm ileti\u015fim kanallar\u0131nda ve g\u00f6rsel kimli\u011finde tutarl\u0131l\u0131k sa\u011flayarak, g\u00fc\u00e7l\u00fc ve tan\u0131nabilir bir marka imaj\u0131 olu\u015fturuyoruz.     T\u00fcketici alg\u0131s\u0131n\u0131 g\u00fc\u00e7lendirerek, markan\u0131zla duygusal bir ba\u011f kuran ve sadakatle ba\u011fl\u0131 m\u00fc\u015fteriler kazanabilirsiniz. Biz, markan\u0131z\u0131 bu hedefe ula\u015facak \u015fekilde stratejik olarak y\u00f6netmenize yard\u0131mc\u0131 olaca\u011f\u0131z. Marka alg\u0131n\u0131z\u0131 g\u00fc\u00e7lendirin, t\u00fcketicilerle g\u00fc\u00e7l\u00fc bir ba\u011f kurun ve marka sadakatini art\u0131r\u0131n!<\/li>\n<\/ul>\n\n\n\n<p><\/p>\n\n\n\n<p><strong>Kriz Y\u00f6netimi:<\/strong> <\/p>\n\n\n\n<p>Krizler, herhangi bir markan\u0131n kar\u015f\u0131la\u015fabilece\u011fi zorlu d\u00f6nemlerdir. Ancak, do\u011fru stratejilerle bu durumlar\u0131 f\u0131rsata d\u00f6n\u00fc\u015ft\u00fcrebilirsiniz. Biz, markan\u0131z\u0131n potansiyel krizlere kar\u015f\u0131 haz\u0131rl\u0131kl\u0131 olmas\u0131n\u0131 sa\u011flamak i\u00e7in kapsaml\u0131 kriz y\u00f6netimi \u00e7\u00f6z\u00fcmleri sunuyoruz.<\/p>\n\n\n\n<p><\/p>\n\n\n\n<ul class=\"wp-block-list\">\n<li><strong>Kriz Y\u00f6netimi S\u00fcrecimiz \u015eunlar\u0131 Kapsar:<\/strong><\/li>\n<\/ul>\n\n\n\n<p><\/p>\n\n\n\n<ul class=\"wp-block-list\">\n<li><em>Kriz Senaryolar\u0131n\u0131n Belirlenmesi:<\/em> Olas\u0131 kriz durumlar\u0131n\u0131 \u00f6nceden \u00f6ng\u00f6rerek, markan\u0131z i\u00e7in en uygun stratejileri geli\u015ftiriyoruz. Bu, her t\u00fcrl\u00fc olumsuz durum i\u00e7in haz\u0131rl\u0131kl\u0131 olman\u0131z\u0131 ve h\u0131zl\u0131 aksiyon alman\u0131z\u0131 sa\u011flar.<\/li>\n\n\n\n<li><em>Acil Durum Planlar\u0131:<\/em> Kriz an\u0131nda nas\u0131l hareket edece\u011finizi belirleyen acil durum planlar\u0131 olu\u015fturuyoruz. Bu planlar, krizlerin etkisini minimize ederek markan\u0131z\u0131n g\u00fcvenilirli\u011fini korur.<\/li>\n\n\n\n<li><em>\u0130leti\u015fim Stratejileri<\/em>: Kriz d\u00f6nemlerinde etkili bir ileti\u015fim stratejisi olu\u015fturmak kritik \u00f6neme sahiptir. Do\u011fru mesajlarla m\u00fc\u015fterilerinizi ve payda\u015flar\u0131n\u0131z\u0131 bilgilendirerek, markan\u0131z\u0131n imaj\u0131n\u0131 koruyoruz.<\/li>\n\n\n\n<li><em>H\u0131zl\u0131 ve Etkili M\u00fcdahale<\/em>: Kriz an\u0131nda h\u0131zl\u0131 ve etkili bir m\u00fcdahale ile sorunlar\u0131 \u00e7\u00f6zmek i\u00e7in size destek oluyoruz. Kriz y\u00f6netimi s\u00fcrecini sorunsuz ve organize bir \u015fekilde y\u00fcr\u00fctmenizi sa\u011fl\u0131yoruz.<\/li>\n\n\n\n<li><em>Kriz Sonras\u0131 De\u011ferlendirme:<\/em> Kriz y\u00f6netiminin ard\u0131ndan, s\u00fcreci de\u011ferlendirmek ve gelecekte benzer durumlar\u0131n \u00f6n\u00fcne ge\u00e7mek i\u00e7in dersler \u00e7\u0131kar\u0131yoruz. Bu, markan\u0131z\u0131n krizlere kar\u015f\u0131 daha g\u00fc\u00e7l\u00fc ve diren\u00e7li olmas\u0131n\u0131 sa\u011flar. Markan\u0131z\u0131n olas\u0131 krizler kar\u015f\u0131s\u0131nda g\u00fc\u00e7l\u00fc ve g\u00fcvenilir kalmas\u0131n\u0131 sa\u011flamak i\u00e7in stratejik bir yakla\u015f\u0131m benimseyin. Krizleri y\u00f6netme ve f\u0131rsata d\u00f6n\u00fc\u015ft\u00fcrme konusunda size destek olmak i\u00e7in buraday\u0131z. Markan\u0131z\u0131n krizlere kar\u015f\u0131 haz\u0131rl\u0131kl\u0131 olmas\u0131n\u0131 sa\u011flay\u0131n ve g\u00fcvenilirli\u011finizi koruyun!<\/li>\n<\/ul>\n\n\n\n<hr class=\"wp-block-separator has-alpha-channel-opacity is-style-wide\"\/>\n","protected":false},"excerpt":{"rendered":"<p>Marka;\u00a0T\u00fcketicinin \u00fcr\u00fcn veya hizmeti, \u00f6zellikleri, yararlar\u0131 ve kalitesi gibi somut ve soyut unsurlar\u0131yla alg\u0131lama \u015feklidir. Marka dan\u0131\u015fmanl\u0131\u011f\u0131, bir i\u015fletmenin marka kimli\u011fini olu\u015fturma, y\u00f6netme ve geli\u015ftirme s\u00fcre\u00e7lerine y\u00f6nelik uzmanl\u0131k hizmeti sunan bir dan\u0131\u015fmanl\u0131k t\u00fcr\u00fcd\u00fcr. Marka dan\u0131\u015fmanlar\u0131, bir \u015firketin pazarda nas\u0131l alg\u0131land\u0131\u011f\u0131n\u0131, t\u00fcketicilerle nas\u0131l etkile\u015fim kurdu\u011funu ve markan\u0131n de\u011ferini nas\u0131l art\u0131raca\u011f\u0131n\u0131 analiz ederek stratejiler geli\u015ftirirler. Temel faaliyetleri [&hellip;]<\/p>\n","protected":false},"author":1,"featured_media":0,"parent":0,"menu_order":0,"comment_status":"closed","ping_status":"closed","template":"","meta":{"_themeisle_gutenberg_block_has_review":false,"footnotes":""},"class_list":["post-42","page","type-page","status-publish","hentry"],"_links":{"self":[{"href":"https:\/\/niraakademi.com\/index.php\/wp-json\/wp\/v2\/pages\/42","targetHints":{"allow":["GET"]}}],"collection":[{"href":"https:\/\/niraakademi.com\/index.php\/wp-json\/wp\/v2\/pages"}],"about":[{"href":"https:\/\/niraakademi.com\/index.php\/wp-json\/wp\/v2\/types\/page"}],"author":[{"embeddable":true,"href":"https:\/\/niraakademi.com\/index.php\/wp-json\/wp\/v2\/users\/1"}],"replies":[{"embeddable":true,"href":"https:\/\/niraakademi.com\/index.php\/wp-json\/wp\/v2\/comments?post=42"}],"version-history":[{"count":20,"href":"https:\/\/niraakademi.com\/index.php\/wp-json\/wp\/v2\/pages\/42\/revisions"}],"predecessor-version":[{"id":645,"href":"https:\/\/niraakademi.com\/index.php\/wp-json\/wp\/v2\/pages\/42\/revisions\/645"}],"wp:attachment":[{"href":"https:\/\/niraakademi.com\/index.php\/wp-json\/wp\/v2\/media?parent=42"}],"curies":[{"name":"wp","href":"https:\/\/api.w.org\/{rel}","templated":true}]}}