{"id":38,"date":"2024-09-04T13:59:39","date_gmt":"2024-09-04T13:59:39","guid":{"rendered":"https:\/\/niraakademi.com\/?page_id=38"},"modified":"2024-09-14T18:19:09","modified_gmt":"2024-09-14T18:19:09","slug":"hakkimizda","status":"publish","type":"page","link":"https:\/\/niraakademi.com\/index.php\/hakkimizda\/","title":{"rendered":"Hakk\u0131m\u0131zda"},"content":{"rendered":"\n<figure class=\"wp-block-image alignwide size-full\"><img fetchpriority=\"high\" decoding=\"async\" width=\"780\" height=\"470\" src=\"https:\/\/niraakademi.com\/wp-content\/uploads\/2024\/09\/bulten_kapak1.sayfa_.jpeg\" alt=\"\" class=\"wp-image-449\" srcset=\"https:\/\/niraakademi.com\/wp-content\/uploads\/2024\/09\/bulten_kapak1.sayfa_.jpeg 780w, https:\/\/niraakademi.com\/wp-content\/uploads\/2024\/09\/bulten_kapak1.sayfa_-300x181.jpeg 300w, https:\/\/niraakademi.com\/wp-content\/uploads\/2024\/09\/bulten_kapak1.sayfa_-768x463.jpeg 768w\" sizes=\"(max-width: 780px) 100vw, 780px\" \/><\/figure>\n\n\n\n<pre class=\"wp-block-preformatted has-black-color has-text-color has-large-font-size\"><strong>Hakk\u0131m\u0131zda \/ Biz kimiz? <\/strong><\/pre>\n\n\n\n<p class=\"has-black-color has-text-color has-link-color wp-elements-b3822992feba6a3ca6c11e1345bed9db\"><strong>Nira Akademi &amp; Dan\u0131\u015fmanl\u0131k<\/strong>, 15 y\u0131ll\u0131k tecr\u00fcbe ve prati\u011fe dayal\u0131 bir e\u011fitimler b\u00fct\u00fcn\u00fc olarak sekt\u00f6re farkl\u0131 bir e\u011fitim anlay\u0131\u015f\u0131 getirmek \u00fczere kurulmu\u015ftur. Alan\u0131nda tecr\u00fcbeli, akademik kariyer sahibi ve farkl\u0131 sekt\u00f6rlerden gelen e\u011fitmenlerden olu\u015fan g\u00fc\u00e7l\u00fc kadrosuyla onlarca \u015firketin gelece\u011fe g\u00fcven ve kazan\u00e7la ad\u0131m atmas\u0131n\u0131 sa\u011flam\u0131\u015ft\u0131r. <strong>\u201cNira Akademi\u201d<\/strong> e\u011fit!mleri kurumlara ve \u00e7al\u0131\u015fanlara \u00f6zeldir. En tecr\u00fcbelisinden en yeni \u00e7al\u0131\u015fanlar\u0131n\u0131za kadar \u00e7ok iyi anl\u0131yor ve en g\u00fcncel yakla\u015f\u0131mlar\u0131 onlarla payla\u015f\u0131yoruz. <strong>\u201cNira Akademi\u201d<\/strong> e\u011fitimleri asla zaman doldurucu hikayeler bar\u0131nd\u0131rmaz. Ger\u00e7ek durumlar\u0131 inceler projelendirir ve ekip taraf\u0131ndan uygulanabilir bir hale getirerek g\u00fcnl\u00fck davran\u0131\u015f bi\u00e7imi haline getirilmesini sa\u011flar. E\u011fitimlerimiz mod\u00fcler olarak sekt\u00f6rlere ve ekiplerin yap\u0131s\u0131na g\u00f6re \u00f6zelle\u015ftirilir. Ayn\u0131 e\u011fitim ekibinize ikinci kez verilmez. T\u00fcm \u00f6rnekler \u015firket, kurum \u00e7al\u0131\u015fanlar\u0131 ve hizmet alanlar\u0131 \u00fczerine verilir. E\u011fitim sonras\u0131 de\u011ferlendirmeler, geli\u015fim ve tavsiye raporu mutlaka sizlere sunulur.<\/p>\n\n\n\n<p class=\"has-text-align-center has-black-color has-text-color has-link-color wp-elements-36608877bcde740e8bf7916318804d33\">&#8220;<strong><em>\u00c7al\u0131\u015fanlar\u0131n\u0131za verece\u011finiz b\u00fct\u00fcn e\u011fitimler \u015firketiniz i\u00e7in asla bir maliyet de\u011fil, bilakis gelecek i\u00e7in bir yat\u0131r\u0131md\u0131r.<\/em><\/strong><\/p>\n\n\n\n<p class=\"has-text-align-center has-black-color has-text-color has-link-color wp-elements-31ef8a46bf82daa30dab4b6adf99fd54\"><\/p>\n\n\n\n<pre class=\"wp-block-preformatted has-black-color has-text-color has-medium-font-size\"><strong>Misyonumuz<\/strong><\/pre>\n\n\n\n<p class=\"has-black-color has-text-color has-link-color wp-elements-14c6c0fbbc4b25d646bb0f44cf68c26e\"><strong>Nira Akademi<\/strong> olarak, 15 y\u0131ll\u0131k k\u00f6kl\u00fc tecr\u00fcbemizle bireylerin ve kurumlar\u0131n potansiyellerini en \u00fcst d\u00fczeye \u00e7\u0131karmak ve ba\u015far\u0131lar\u0131na ortak olmak i\u00e7in var\u0131z. Liderlik, sat\u0131\u015f, ileti\u015fim, kurumsal y\u00f6netim, ki\u015fisel geli\u015fim ve aile i\u00e7i ileti\u015fim gibi geni\u015f bir yelpazede sundu\u011fumuz e\u011fitim ve dan\u0131\u015fmanl\u0131k hizmetlerimizle, s\u00fcrekli \u00f6\u011frenme ve geli\u015fimi te\u015fvik ederek ba\u015far\u0131ya giden yolda rehberlik ediyoruz. Topluma de\u011fer katan, etik de\u011ferlere ba\u011fl\u0131, yenilik\u00e7i ve \u00e7\u00f6z\u00fcm odakl\u0131 bir akademi olarak, sadece bug\u00fcn\u00fcn de\u011fil, yar\u0131n\u0131n da ihtiya\u00e7lar\u0131na cevap verecek \u015fekilde kendimizi s\u00fcrekli geli\u015ftiriyoruz.<\/p>\n\n\n\n<p class=\"has-black-color has-text-color has-link-color wp-elements-9ac00cf961d1ea846fe5a532228b76c6\"><\/p>\n\n\n\n<p class=\"has-black-color has-text-color has-link-color wp-elements-9ac00cf961d1ea846fe5a532228b76c6\"><\/p>\n\n\n\n<pre class=\"wp-block-preformatted has-black-color has-text-color has-medium-font-size\"><strong>Vizyonumuz<\/strong><\/pre>\n\n\n\n<p class=\"has-black-color has-text-color has-link-color wp-elements-d23bf270c6e8e61d371d7dd306bc36a9\">T\u00fcrkiye&#8217;de ve uluslararas\u0131 alanda e\u011fitim ve dan\u0131\u015fmanl\u0131k sekt\u00f6r\u00fcnde \u00f6nc\u00fc bir kurum olma hedefiyle, bireylerin ve kurumlar\u0131n d\u00f6n\u00fc\u015f\u00fcm\u00fcne ilham veren, sayg\u0131n ve aranan bir akademi olmak. S\u00fcrekli geli\u015fen d\u00fcnyada, en g\u00fcncel bilgi ve y\u00f6ntemlerle donat\u0131lm\u0131\u015f, kat\u0131l\u0131mc\u0131lar\u0131m\u0131z\u0131n ba\u015far\u0131lar\u0131na ortak olan bir \u00f6\u011frenme merkezi olarak gelece\u011fi in\u015fa ediyoruz. Vizyonumuz, sadece e\u011fitim vermek de\u011fil, ayn\u0131 zamanda bireylerin ve kurumlar\u0131n potansiyellerini ortaya \u00e7\u0131kararak onlar\u0131n daha iyi bir gelecek yaratmalar\u0131na destek olmakt\u0131r.<\/p>\n\n\n\n<p class=\"has-black-color has-text-color has-link-color wp-elements-9ac00cf961d1ea846fe5a532228b76c6\"><\/p>\n\n\n\n<pre class=\"wp-block-preformatted has-black-color has-text-color has-medium-font-size\"><strong>De\u011ferlerimiz<\/strong><\/pre>\n\n\n\n<p class=\"has-black-color has-text-color has-link-color wp-elements-363dd95ced2e77afda2339710077d577\">\u25cf <strong><em>M\u00fckemmellik<\/em><\/strong>: Sundu\u011fumuz her hizmette en y\u00fcksek kalite standartlar\u0131n\u0131 hedefler, s\u00fcrekli geli\u015fim ve iyile\u015ftirme i\u00e7in \u00e7abalar\u0131z. M\u00fckemmellik bizim i\u00e7in bir sonu\u00e7 de\u011fil, s\u00fcrekli bir s\u00fcre\u00e7tir.<\/p>\n\n\n\n<p class=\"has-black-color has-text-color has-link-color wp-elements-24e5b060bf4e5cdde803500f99184cad\">\u25cf <strong><em>\u00d6\u011frenme Tutkusu<\/em><\/strong>: Bilgiye ve \u00f6\u011frenmeye olan tutkumuzu, kat\u0131l\u0131mc\u0131lar\u0131m\u0131za aktar\u0131r, onlar\u0131n da \u00f6\u011frenme a\u015fk\u0131n\u0131 ke\u015ffetmelerine destek oluruz. \u00d6\u011frenmenin sadece bi&#8221;r akademik s\u00fcre\u00e7 olmad\u0131\u011f\u0131na, hayat boyu devam eden bir yolculuk oldu\u011funainan\u0131yoruz.<\/p>\n\n\n\n<p class=\"has-black-color has-text-color has-link-color wp-elements-e8ce7f3a67a5644661bdfa42cc74577a\">\u25cf <strong><em>\u0130\u015fbirli\u011fi<\/em><\/strong>: Kat\u0131l\u0131mc\u0131lar\u0131m\u0131z, e\u011fitmenlerimiz ve t\u00fcm payda\u015flar\u0131m\u0131zla a\u00e7\u0131k ileti\u015fim ve i\u015fbirli\u011fi i\u00e7inde \u00e7al\u0131\u015f\u0131r, birlikte ba\u015far\u0131y\u0131 hedefleriz. Ba\u015far\u0131n\u0131n ancak birlikte \u00e7al\u0131\u015farak ve birbirimizi destekleyerek elde edilebilece\u011fine inan\u0131yoruz.<\/p>\n\n\n\n<p class=\"has-black-color has-text-color has-link-color wp-elements-1c72dfc3b5efca6ecb4149499239a3e5\">\u25cf <strong><em>Etik De\u011ferler<\/em><\/strong>: T\u00fcm faaliyetlerimizde d\u00fcr\u00fcstl\u00fck, \u015feffafl\u0131k ve etik de\u011ferlere ba\u011fl\u0131 kal\u0131r, topluma kar\u015f\u0131 sorumluluklar\u0131m\u0131z\u0131 yerine getiririz. Etik de\u011ferler, akademimizin temelini olu\u015fturur ve t\u00fcm faaliyetlerimiz&#8221; y\u00f6nlendirir.<\/p>\n\n\n\n<p class=\"has-black-color has-text-color has-link-color wp-elements-877e909083ab82c5aaa1abc5fd85f61e\">\u25cf <strong><em>Yenilik\u00e7ilik<\/em><\/strong>: S\u00fcrekli de\u011fi\u015fen d\u00fcnyada, yeni fikirleri ve yakla\u015f\u0131mlar\u0131 benimser, e\u011fitim ve dan\u0131\u015fmanl\u0131k alan\u0131nda \u00f6nc\u00fc uygulamalar\u0131 hayata ge\u00e7iririz. <strong>Yenilik\u00e7ilik, bizim i\u00e7in sadece bir slogan de\u011fil,<\/strong> akademimizin DNA&#8217;s\u0131nda var olan bir \u00f6zelliktir.<\/p>\n\n\n\n<p class=\"has-black-color has-text-color has-link-color wp-elements-aaa951b43fb3a7140d2408075c595bba\">\u25cf <strong><em>\u0130nsan Odakl\u0131l\u0131k<\/em><\/strong>: Kat\u0131l\u0131mc\u0131lar\u0131m\u0131z\u0131n ihtiya\u00e7lar\u0131n\u0131 ve beklentilerin&#8221; anlar, onlara ki\u015fiye \u00f6zel \u00e7\u00f6z\u00fcmler sunar\u0131z. Her bireyin ve kurumun kendine \u00f6zg\u00fc oldu\u011funu kabul eder, onlara en uygun \u00e7\u00f6z\u00fcmler&#8221; sunmak i\u00e7in \u00e7aba g\u00f6steririz.<\/p>\n\n\n\n<p><\/p>\n\n\n\n<p><\/p>\n\n\n\n<p class=\"has-small-font-size\"><\/p>\n\n\n\n<div class=\"wp-block-group has-global-padding is-layout-constrained wp-block-group-is-layout-constrained\">\n<hr class=\"wp-block-separator has-alpha-channel-opacity is-style-wide\"\/>\n<\/div>\n\n\n\n<p><\/p>\n","protected":false},"excerpt":{"rendered":"<p>Hakk\u0131m\u0131zda \/ Biz kimiz? Nira Akademi &amp; Dan\u0131\u015fmanl\u0131k, 15 y\u0131ll\u0131k tecr\u00fcbe ve prati\u011fe dayal\u0131 bir e\u011fitimler b\u00fct\u00fcn\u00fc olarak sekt\u00f6re farkl\u0131 bir e\u011fitim anlay\u0131\u015f\u0131 getirmek \u00fczere kurulmu\u015ftur. Alan\u0131nda tecr\u00fcbeli, akademik kariyer sahibi ve farkl\u0131 sekt\u00f6rlerden gelen e\u011fitmenlerden olu\u015fan g\u00fc\u00e7l\u00fc kadrosuyla onlarca \u015firketin gelece\u011fe g\u00fcven ve kazan\u00e7la ad\u0131m atmas\u0131n\u0131 sa\u011flam\u0131\u015ft\u0131r. \u201cNira Akademi\u201d e\u011fit!mleri kurumlara ve \u00e7al\u0131\u015fanlara \u00f6zeldir. [&hellip;]<\/p>\n","protected":false},"author":1,"featured_media":0,"parent":0,"menu_order":0,"comment_status":"closed","ping_status":"closed","template":"","meta":{"_themeisle_gutenberg_block_has_review":false,"footnotes":""},"class_list":["post-38","page","type-page","status-publish","hentry"],"_links":{"self":[{"href":"https:\/\/niraakademi.com\/index.php\/wp-json\/wp\/v2\/pages\/38","targetHints":{"allow":["GET"]}}],"collection":[{"href":"https:\/\/niraakademi.com\/index.php\/wp-json\/wp\/v2\/pages"}],"about":[{"href":"https:\/\/niraakademi.com\/index.php\/wp-json\/wp\/v2\/types\/page"}],"author":[{"embeddable":true,"href":"https:\/\/niraakademi.com\/index.php\/wp-json\/wp\/v2\/users\/1"}],"replies":[{"embeddable":true,"href":"https:\/\/niraakademi.com\/index.php\/wp-json\/wp\/v2\/comments?post=38"}],"version-history":[{"count":23,"href":"https:\/\/niraakademi.com\/index.php\/wp-json\/wp\/v2\/pages\/38\/revisions"}],"predecessor-version":[{"id":651,"href":"https:\/\/niraakademi.com\/index.php\/wp-json\/wp\/v2\/pages\/38\/revisions\/651"}],"wp:attachment":[{"href":"https:\/\/niraakademi.com\/index.php\/wp-json\/wp\/v2\/media?parent=38"}],"curies":[{"name":"wp","href":"https:\/\/api.w.org\/{rel}","templated":true}]}}