{"id":37,"date":"2024-09-04T13:59:39","date_gmt":"2024-09-04T13:59:39","guid":{"rendered":"https:\/\/niraakademi.com\/?page_id=37"},"modified":"2024-09-11T23:22:10","modified_gmt":"2024-09-11T23:22:10","slug":"yonetim-danismanligi","status":"publish","type":"page","link":"https:\/\/niraakademi.com\/index.php\/yonetim-danismanligi\/","title":{"rendered":"Y\u00f6netim Dan\u0131\u015fmanl\u0131\u011f\u0131"},"content":{"rendered":"\n<figure class=\"wp-block-image alignwide size-full\"><img fetchpriority=\"high\" decoding=\"async\" width=\"625\" height=\"381\" src=\"https:\/\/niraakademi.com\/wp-content\/uploads\/2024\/09\/yon_dan_sayfa_baslik.jpg\" alt=\"\" class=\"wp-image-620\" srcset=\"https:\/\/niraakademi.com\/wp-content\/uploads\/2024\/09\/yon_dan_sayfa_baslik.jpg 625w, https:\/\/niraakademi.com\/wp-content\/uploads\/2024\/09\/yon_dan_sayfa_baslik-300x183.jpg 300w\" sizes=\"(max-width: 625px) 100vw, 625px\" \/><\/figure>\n\n\n\n<p>        Kurumsalla\u015fman\u0131n en \u00f6nemli akt\u00f6rlerinden olan <strong>&#8220;Y\u00f6netim Dan\u0131\u015fmanl\u0131\u011f\u0131&#8221;<\/strong> \u015firketininiz i\u00e7in en \u00f6nemli yat\u0131r\u0131mlardan biridir.<\/p>\n\n\n\n<p>Her i\u015fletmenin kar\u015f\u0131la\u015ft\u0131\u011f\u0131 zorluklar ve f\u0131rsatlar benzersizdir. Biz, y\u00f6netim dan\u0131\u015fmanl\u0131\u011f\u0131 hizmetlerimizle i\u015fletmenizin i\u00e7 dinamiklerini ve hedeflerini derinlemesine analiz ederek size \u00f6zel \u00e7\u00f6z\u00fcmler sunuyoruz. \u0130ster b\u00fcy\u00fcme stratejileri olu\u015fturuyor olun, ister verimlili\u011fi art\u0131rmaya \u00e7al\u0131\u015f\u0131n, deneyimli ekibimiz size rehberlik ediyor.<\/p>\n\n\n\n<p>\u0130\u015f d\u00fcnyas\u0131nda s\u00fcrekli de\u011fi\u015fen dinamikler ve artan rekabet, \u015firketlerin her zamankinden daha stratejik hamleler yapmas\u0131n\u0131 zorunlu k\u0131l\u0131yor. Biz, y\u00f6netim dan\u0131\u015fmanl\u0131\u011f\u0131 hizmetlerimizle \u015firketlerin bu zorlu s\u00fcre\u00e7leri ba\u015far\u0131yla y\u00f6netmelerine yard\u0131mc\u0131 oluyoruz. <\/p>\n\n\n\n<p><strong>Peki, birlikte nas\u0131l \u00e7al\u0131\u015f\u0131yoruz?<\/strong><\/p>\n\n\n\n<p>\u00d6ncelikle talebinizi al\u0131yoruz.<\/p>\n\n\n\n<p>\u015eirketiniz y\u00f6netim dan\u0131\u015fmanl\u0131\u011f\u0131 ile ilgili bir sisteme haz\u0131r m\u0131? Bununla ilgili \u00e7al\u0131\u015fma yap\u0131yoruz<strong>&#8220;<em> \u015firketinizin uygun olmas\u0131 halinde<\/em><\/strong>&#8220;, \u015firket yetkilileri ile g\u00f6r\u00fc\u015f\u00fcp detayl\u0131 bilgilere ba\u015fvuruyoruz. Devam\u0131nda  bir yol haritas\u0131 sunuyoruz kar\u015f\u0131l\u0131kl\u0131 mutab\u0131k kal\u0131nmas\u0131n\u0131 m\u00fcteakip s\u00fcreci ba\u015flat\u0131yoruz.<\/p>\n\n\n\n<p>S\u00fcre\u00e7 i\u00e7erisinde, ayl\u0131k veya  her 2 hafta sonras\u0131nda kar\u015f\u0131l\u0131kl\u0131 olarak ilerleyi\u015f ile ilgili detayl\u0131  bilgi payla\u015f\u0131m\u0131 yap\u0131yoruz.<\/p>\n\n\n\n<p><\/p>\n\n\n\n<p><\/p>\n\n\n\n<p><\/p>\n\n\n\n<p>S\u00fcrecin ba\u015flayabilmesi i\u00e7in &#8230;<\/p>\n\n\n\n<p><strong>\u0130htiya\u00e7 Analizi<\/strong>:<\/p>\n\n\n\n<p>Ba\u015far\u0131l\u0131 bir strateji olu\u015fturman\u0131n ilk ad\u0131m\u0131, i\u015fletmenizin mevcut durumunu derinlemesine anlamakt\u0131r. \u0130htiya\u00e7 analizi s\u00fcrecimizde, zorluklar\u0131n\u0131z\u0131, hedeflerinizi ve pazar\u0131n\u0131zdaki f\u0131rsatlar\u0131 detayl\u0131 bir \u015fekilde inceliyoruz. Rakiplerinizi de g\u00f6z \u00f6n\u00fcnde bulundurarak, sekt\u00f6rdeki yerinizi belirliyor ve rekabet avantaj\u0131n\u0131z\u0131 g\u00fc\u00e7lendirecek \u015firketiniz i\u00e7in \u00f6zelle\u015ftirilmi\u015f bir yol haritas\u0131 \u00e7\u0131kar\u0131yoruz.<\/p>\n\n\n\n<p>Bu analiz, yaln\u0131zca i\u015fletmenizin mevcut performans\u0131n\u0131 anlamakla kalmaz, ayn\u0131 zamanda pazar ko\u015fullar\u0131 ve rakiplerin stratejilerine kar\u015f\u0131 nas\u0131l bir ad\u0131m atman\u0131z gerekti\u011fi konusunda size net bir vizyon sunar. \u0130htiya\u00e7lar\u0131n\u0131za tam uyum sa\u011flayan \u00e7\u00f6z\u00fcmlerle, \u015firketinizi bir \u00fcst seviyeye ta\u015f\u0131mak i\u00e7in yan\u0131n\u0131zday\u0131z.<\/p>\n\n\n\n<p>Rekabette bir ad\u0131m \u00f6ne ge\u00e7mek i\u00e7in bizimle do\u011fru stratejik ad\u0131mlar\u0131 deneyimli ekibimizle  birlikte planlay\u0131n!<\/p>\n\n\n\n<p><strong>Stratejik Planlama<\/strong>: <\/p>\n\n\n\n<p>Ba\u015far\u0131ya giden yol, do\u011fru stratejik planlamadan ge\u00e7er. \u015eirketinizin b\u00fcy\u00fcme hedeflerine uygun olarak, k\u0131sa, orta ve uzun vadeli stratejik \u00e7\u00f6z\u00fcmler geli\u015ftiriyoruz. Her bir stratejiyi, pazar ko\u015fullar\u0131na ve rekabet ortam\u0131na tam uyum sa\u011flayacak \u015fekilde yap\u0131land\u0131r\u0131yor; i\u015finizi ileriye ta\u015f\u0131yan sa\u011flam bir yol haritas\u0131 olu\u015fturuyoruz.<\/p>\n\n\n\n<p>De\u011fi\u015fen piyasa dinamiklerine h\u0131zla adapte olman\u0131z\u0131 sa\u011flayacak stratejik planlama hizmetimiz, i\u015fletmenizin her a\u015famada do\u011fru kararlar almas\u0131na yard\u0131mc\u0131 olur. \u0130ster b\u00fcy\u00fcme stratejileri, ister yeni pazarlara a\u00e7\u0131lma hedefiniz olsun, s\u00fcrd\u00fcr\u00fclebilir ba\u015far\u0131ya giden bu yolculukta g\u00fcvenilir bir partner olarak yan\u0131n\u0131zday\u0131z.<\/p>\n\n\n\n<p><strong>Uygulama ve Entegrasyon<\/strong>: <\/p>\n\n\n\n<p>Belirlenen stratejileri hayata ge\u00e7irirken, i\u015fletmenizin operasyonel yap\u0131s\u0131na en uygun entegrasyon s\u00fcre\u00e7lerini y\u00f6netiyoruz. \u015eirketinizin mevcut dokusunu g\u00f6z \u00f6n\u00fcnde bulundurarak ve sizinle yak\u0131n i\u015f birli\u011fi i\u00e7inde \u00e7al\u0131\u015farak stratejik hedefleriniz do\u011frultusunda ad\u0131m ad\u0131m ilerliyoruz.<\/p>\n\n\n\n<p><strong>Performans Takibi ve Revizyon<\/strong>: <\/p>\n\n\n\n<p>Uygulanan \u00e7\u00f6z\u00fcmleri s\u00fcrekli izliyor ve gerekti\u011finde revize ediyoruz. Performans analizleri yaparak, stratejik hedeflerinize ne kadar yakla\u015ft\u0131\u011f\u0131n\u0131z\u0131 de\u011ferlendiriyor ve s\u00fcre\u00e7leri optimize ediyoruz. bu sayede sizlere ba\u015far\u0131 yolunda zaman kazand\u0131r\u0131yoruz.<\/p>\n\n\n\n<p><strong>S\u00fcrekli \u0130yile\u015ftirme<\/strong>: <\/p>\n\n\n\n<p>\u0130\u015fletmenizin dinamikleri s\u00fcrekli de\u011fi\u015fti\u011fi i\u00e7in, stratejilerimizi de g\u00fcncel tutuyoruz. Yeni f\u0131rsatlar\u0131 de\u011ferlendirmek ve kar\u015f\u0131la\u015fabilece\u011finiz zorluklara \u00f6nceden haz\u0131rl\u0131kl\u0131 olmak i\u00e7in s\u00fcrekli yan\u0131n\u0131zda oluyoruz.<\/p>\n\n\n\n<p><strong>Dijital D\u00f6n\u00fc\u015f\u00fcm ve \u0130\u015fletme Entegrasyonu<\/strong>: <\/p>\n\n\n\n<p>Dijital \u00e7a\u011fda ayakta kalman\u0131n ve b\u00fcy\u00fcmenin en \u00f6nemli ad\u0131mlar\u0131ndan biri, dijital d\u00f6n\u00fc\u015f\u00fcm s\u00fcrecini ba\u015far\u0131yla y\u00f6netmektir. Y\u00f6netim dan\u0131\u015fmanl\u0131k firmalar\u0131 olarak, i\u015fletmenizin dijital d\u00f6n\u00fc\u015f\u00fcm yolculu\u011funu h\u0131zland\u0131rmak ve farkl\u0131 departmanlar\u0131n\u0131z aras\u0131ndaki entegrasyonu art\u0131rmak i\u00e7in size rehberlik ediyoruz. <\/p>\n\n\n\n<p>Peki, dijital d\u00f6n\u00fc\u015f\u00fcm neden bu kadar \u00f6nemli?<\/p>\n\n\n\n<ul class=\"wp-block-list\">\n<li><strong>Yeni Teknolojiler ve Verimlilik<\/strong>: Dijital \u00e7\u00f6z\u00fcmler, i\u015f s\u00fcre\u00e7lerinizi daha h\u0131zl\u0131 ve verimli hale getirir. Bulut bili\u015fim, yapay zeka ve veri analiti\u011fi gibi yeniliklerle, daha ak\u0131ll\u0131 kararlar alabilir ve i\u015f operasyonlar\u0131n\u0131z\u0131 optimize edebilirsiniz.<\/li>\n\n\n\n<li><strong>Entegrasyon ve \u0130\u015fbirli\u011fi<\/strong>: Dijital d\u00f6n\u00fc\u015f\u00fcm s\u00fcrecinde, i\u015fletmenizin t\u00fcm departmanlar\u0131n\u0131n birbiriyle uyumlu \u00e7al\u0131\u015fmas\u0131 hayati \u00f6neme sahiptir. T\u00fcm i\u015f s\u00fcre\u00e7lerini entegre eden modern yaz\u0131l\u0131m ve platformlarla, operasyonel verimlili\u011fi art\u0131r\u0131r, departmanlar aras\u0131nda daha sorunsuz bir i\u015fbirli\u011fi sa\u011flars\u0131n\u0131z.<\/li>\n\n\n\n<li><strong>Rekabet Avantaj\u0131<\/strong>: Dijitalle\u015fen bir d\u00fcnyada, rakiplerinizin bir ad\u0131m \u00f6n\u00fcne ge\u00e7mek i\u00e7in inovasyona ayak uydurman\u0131z gerekir. Yeni teknolojileri benimseyerek i\u015f s\u00fcre\u00e7lerinizi h\u0131zland\u0131rabilir ve m\u00fc\u015fterilere daha h\u0131zl\u0131, daha verimli hizmet sunarak rekabette \u00f6ne \u00e7\u0131kabilirsiniz.<\/li>\n<\/ul>\n\n\n\n<p>Dijital d\u00f6n\u00fc\u015f\u00fcm, sadece teknolojiye ge\u00e7i\u015f de\u011fil, i\u015fletmenizin k\u00fclt\u00fcr\u00fcn\u00fc ve i\u015fleyi\u015fini de gelece\u011fe ta\u015f\u0131ma s\u00fcrecidir. Biz, bu s\u00fcre\u00e7te sizi do\u011fru \u00e7\u00f6z\u00fcmlerle destekleyerek i\u015finizi bir sonraki seviyeye ta\u015f\u0131maya haz\u0131r\u0131z.<\/p>\n\n\n\n<p>Y<strong>enilik\u00e7i \u0130K ve \u00c7al\u0131\u015fan Deneyimi  \u0130\u015f G\u00fcc\u00fcn\u00fcz\u00fc Gelece\u011fe Ta\u015f\u0131y\u0131n<\/strong><\/p>\n\n\n\n<p>\u0130nsan kaynaklar\u0131 alan\u0131nda yenilik\u00e7i \u00e7\u00f6z\u00fcmler, \u00e7al\u0131\u015fan ba\u011fl\u0131l\u0131\u011f\u0131n\u0131 ve performans\u0131n\u0131 art\u0131rmada b\u00fcy\u00fck bir rol oynar. Biz, y\u00f6netim dan\u0131\u015fmanl\u0131k firmas\u0131 olarak, \u015firketlerin \u00e7al\u0131\u015fan deneyimini iyile\u015ftirmeye y\u00f6nelik etkili stratejiler sunuyoruz.<\/p>\n\n\n\n<p><strong>Nas\u0131l Yap\u0131yoruz?<\/strong><\/p>\n\n\n\n<ul class=\"wp-block-list\">\n<li><strong>\u0130novatif \u0130K Stratejileri<\/strong>: \u0130nsan kaynaklar\u0131 s\u00fcre\u00e7lerinizi modernize ederek, \u00e7al\u0131\u015fanlar\u0131n\u0131z\u0131n motivasyonunu ve ba\u011fl\u0131l\u0131\u011f\u0131n\u0131 art\u0131r\u0131yoruz. Yeni teknolojileri ve yakla\u015f\u0131mlar\u0131 entegre ederek \u0130K y\u00f6netiminde devrim yarat\u0131yoruz.<\/li>\n\n\n\n<li><strong>Ki\u015fiselle\u015ftirilmi\u015f \u00c7al\u0131\u015fan Deneyimi<\/strong>: \u00c7al\u0131\u015fanlar\u0131n\u0131z\u0131n ihtiya\u00e7lar\u0131na uygun ki\u015fiselle\u015ftirilmi\u015f deneyimler sunarak, i\u015f tatmini ve performanslar\u0131n\u0131 art\u0131r\u0131yoruz. E\u011fitim programlar\u0131, kariyer geli\u015fim f\u0131rsatlar\u0131 ve esnek \u00e7al\u0131\u015fma modelleri ile \u00e7al\u0131\u015fanlar\u0131n i\u015fyerindeki deneyimlerini zenginle\u015ftiriyoruz.<\/li>\n\n\n\n<li><strong>Veri Tabanl\u0131 Karar Verme<\/strong>: \u00c7al\u0131\u015fan deneyimini s\u00fcrekli olarak iyile\u015ftirmek i\u00e7in veri analiti\u011fi kullan\u0131yoruz. Performans verileri, \u00e7al\u0131\u015fan geri bildirimleri ve di\u011fer \u00f6nemli bilgilerle, \u0130K stratejilerinizi optimize ediyoruz.<\/li>\n\n\n\n<li><strong>Yenilik\u00e7i \u0130leti\u015fim Ara\u00e7lar\u0131<\/strong>: \u0130leti\u015fim kanallar\u0131n\u0131z\u0131 modernize ederek, \u00e7al\u0131\u015fanlar\u0131n\u0131z\u0131n etkin bir \u015fekilde bilgi almas\u0131n\u0131 ve geri bildirimde bulunmas\u0131n\u0131 sa\u011fl\u0131yoruz. Bu, i\u015fyeri ortam\u0131n\u0131z\u0131 daha \u015feffaf ve etkile\u015fimli hale getirir.<\/li>\n\n\n\n<li><strong>K\u00fclt\u00fcr ve De\u011ferler<\/strong>: \u015eirket k\u00fclt\u00fcr\u00fcn\u00fcz\u00fc g\u00fc\u00e7lendirmek ve de\u011ferlerinizi t\u00fcm \u00e7al\u0131\u015fanlara a\u015f\u0131lamak i\u00e7in stratejik \u00e7\u00f6z\u00fcmler sunuyoruz. G\u00fc\u00e7l\u00fc bir \u015firket k\u00fclt\u00fcr\u00fc, \u00e7al\u0131\u015fan ba\u011fl\u0131l\u0131\u011f\u0131n\u0131 ve genel performans\u0131 art\u0131r\u0131r.<\/li>\n<\/ul>\n\n\n\n<p>Yenilik\u00e7i \u0130K \u00e7\u00f6z\u00fcmlerimizle, \u00e7al\u0131\u015fan deneyimini iyile\u015ftirerek \u015firketinizin ba\u015far\u0131s\u0131n\u0131 art\u0131rabilirsiniz. Gelece\u011fin i\u015f g\u00fcc\u00fcne haz\u0131rl\u0131kl\u0131 olun ve \u00e7al\u0131\u015fanlar\u0131n\u0131z\u0131n potansiyelini en \u00fcst d\u00fczeye \u00e7\u0131kar\u0131n!<\/p>\n\n\n\n<p>\u0130K stratejilerinizi modernize edin, \u00e7al\u0131\u015fanlar\u0131n\u0131z\u0131n ba\u011fl\u0131l\u0131\u011f\u0131n\u0131 art\u0131r\u0131n ve i\u015f g\u00fcc\u00fcn\u00fcz\u00fc gelece\u011fe ta\u015f\u0131y\u0131n!<\/p>\n\n\n\n<p><\/p>\n\n\n\n<p><\/p>\n\n\n\n<blockquote class=\"wp-block-quote is-style-plain is-layout-flow wp-block-quote-is-layout-flow\">\n<p class=\"has-text-align-center\"><strong>\u0130\u015f s\u00fcre\u00e7lerinizi optimize etmek ve rekabette \u00f6ne \u00e7\u0131kmak i\u00e7in deneyimli dan\u0131\u015fmanlar\u0131m\u0131zla birlikte \u00e7al\u0131\u015farak s\u00fcrd\u00fcr\u00fclebilir ba\u015far\u0131ya ula\u015f\u0131n. Gelece\u011finizi g\u00fcvence alt\u0131na almak i\u00e7in bize kat\u0131l\u0131n!<\/strong><\/p>\n<\/blockquote>\n\n\n\n<hr class=\"wp-block-separator has-alpha-channel-opacity is-style-wide\"\/>\n\n\n\n<p><\/p>\n","protected":false},"excerpt":{"rendered":"<p>Kurumsalla\u015fman\u0131n en \u00f6nemli akt\u00f6rlerinden olan &#8220;Y\u00f6netim Dan\u0131\u015fmanl\u0131\u011f\u0131&#8221; \u015firketininiz i\u00e7in en \u00f6nemli yat\u0131r\u0131mlardan biridir. Her i\u015fletmenin kar\u015f\u0131la\u015ft\u0131\u011f\u0131 zorluklar ve f\u0131rsatlar benzersizdir. Biz, y\u00f6netim dan\u0131\u015fmanl\u0131\u011f\u0131 hizmetlerimizle i\u015fletmenizin i\u00e7 dinamiklerini ve hedeflerini derinlemesine analiz ederek size \u00f6zel \u00e7\u00f6z\u00fcmler sunuyoruz. \u0130ster b\u00fcy\u00fcme stratejileri olu\u015fturuyor olun, ister verimlili\u011fi art\u0131rmaya \u00e7al\u0131\u015f\u0131n, deneyimli ekibimiz size rehberlik ediyor. \u0130\u015f d\u00fcnyas\u0131nda s\u00fcrekli de\u011fi\u015fen dinamikler [&hellip;]<\/p>\n","protected":false},"author":1,"featured_media":0,"parent":0,"menu_order":0,"comment_status":"closed","ping_status":"closed","template":"","meta":{"_themeisle_gutenberg_block_has_review":false,"footnotes":""},"class_list":["post-37","page","type-page","status-publish","hentry"],"_links":{"self":[{"href":"https:\/\/niraakademi.com\/index.php\/wp-json\/wp\/v2\/pages\/37","targetHints":{"allow":["GET"]}}],"collection":[{"href":"https:\/\/niraakademi.com\/index.php\/wp-json\/wp\/v2\/pages"}],"about":[{"href":"https:\/\/niraakademi.com\/index.php\/wp-json\/wp\/v2\/types\/page"}],"author":[{"embeddable":true,"href":"https:\/\/niraakademi.com\/index.php\/wp-json\/wp\/v2\/users\/1"}],"replies":[{"embeddable":true,"href":"https:\/\/niraakademi.com\/index.php\/wp-json\/wp\/v2\/comments?post=37"}],"version-history":[{"count":20,"href":"https:\/\/niraakademi.com\/index.php\/wp-json\/wp\/v2\/pages\/37\/revisions"}],"predecessor-version":[{"id":655,"href":"https:\/\/niraakademi.com\/index.php\/wp-json\/wp\/v2\/pages\/37\/revisions\/655"}],"wp:attachment":[{"href":"https:\/\/niraakademi.com\/index.php\/wp-json\/wp\/v2\/media?parent=37"}],"curies":[{"name":"wp","href":"https:\/\/api.w.org\/{rel}","templated":true}]}}