{"id":193,"date":"2024-09-05T07:53:41","date_gmt":"2024-09-05T07:53:41","guid":{"rendered":"https:\/\/niraakademi.com\/?page_id=193"},"modified":"2024-09-12T08:18:46","modified_gmt":"2024-09-12T08:18:46","slug":"liderlik-okulu","status":"publish","type":"page","link":"https:\/\/niraakademi.com\/index.php\/liderlik-okulu\/","title":{"rendered":"Liderlik E\u011fitimi"},"content":{"rendered":"\n<div id=\"wp-block-themeisle-blocks-slider-2b503749\" class=\"wp-block-themeisle-blocks-slider glide\" data-per-view=\"1\" data-gap=\"0\" data-peek=\"0\" data-autoplay=\"true\" data-height=\"400px\" data-hide-arrows=\"false\"><div class=\"glide__track\" data-glide-el=\"track\"><div class=\"glide__slides\"><div class=\"wp-block-themeisle-blocks-slider-item-wrapper glide__slide\" tabindex=\"0\"><figure><img decoding=\"async\" class=\"wp-block-themeisle-blocks-slider-item\" src=\"https:\/\/niraakademi.com\/wp-content\/uploads\/2024\/09\/lider4.jpg\" alt=\"\" title=\"\" data-id=\"675\"\/><\/figure><\/div><div class=\"wp-block-themeisle-blocks-slider-item-wrapper glide__slide\" tabindex=\"0\"><figure><img decoding=\"async\" class=\"wp-block-themeisle-blocks-slider-item\" src=\"https:\/\/niraakademi.com\/wp-content\/uploads\/2024\/09\/lider1.avif\" alt=\"\" title=\"\" data-id=\"673\"\/><\/figure><\/div><div class=\"wp-block-themeisle-blocks-slider-item-wrapper glide__slide\" tabindex=\"0\"><figure><img decoding=\"async\" class=\"wp-block-themeisle-blocks-slider-item\" src=\"https:\/\/niraakademi.com\/wp-content\/uploads\/2024\/09\/ceo-chief-executive-officer.webp\" alt=\"\" title=\"\" data-id=\"562\"\/><\/figure><\/div><\/div><div class=\"glide__bullets\" data-glide-el=\"controls[nav]\"><button class=\"glide__bullet\" data-glide-dir=\"=0\"><\/button><button class=\"glide__bullet\" data-glide-dir=\"=1\"><\/button><button class=\"glide__bullet\" data-glide-dir=\"=2\"><\/button><\/div><\/div><\/div>\n\n\n\n<hr class=\"wp-block-separator alignwide has-alpha-channel-opacity is-style-dots\"\/>\n\n\n\n<p>Ba\u015far\u0131l\u0131  bir organizasyonun temel ta\u015flar\u0131ndan biri, g\u00fc\u00e7l\u00fc liderlerin varl\u0131\u011f\u0131d\u0131r. Liderler, sadece g\u00fcnl\u00fck i\u015f ak\u0131\u015f\u0131n\u0131 y\u00f6netmekle kalmaz, ayn\u0131 zamanda \u015firketin b\u00fcy\u00fcmesini ve uzun vadeli ba\u015far\u0131s\u0131n\u0131 sa\u011flayan stratejik kararlar\u0131n arkas\u0131ndaki g\u00fc\u00e7t\u00fcr. \u0130\u015f d\u00fcnyas\u0131nda rekabetin giderek artt\u0131\u011f\u0131 bu d\u00f6nemde, yetkin liderlere sahip olmak, s\u00fcrd\u00fcr\u00fclebilir b\u00fcy\u00fcmenin anahtar\u0131d\u0131r.<\/p>\n\n\n\n<p>Liderlik e\u011fitimi, y\u00f6neticilerinizin ve lider adaylar\u0131n\u0131z\u0131n yetkinliklerini geli\u015ftirmeye y\u00f6nelik kapsaml\u0131 bir programd\u0131r. Biz, y\u00f6netim dan\u0131\u015fmanl\u0131k hizmetimizle, gelece\u011fin liderlerini yeti\u015ftirmek i\u00e7in size \u00f6zel \u00e7\u00f6z\u00fcmler sunuyoruz.<\/p>\n\n\n\n<h2 class=\"wp-block-heading\"><strong>Liderlik E\u011fitimi ile Neler Kazan\u0131rs\u0131n\u0131z?<\/strong><\/h2>\n\n\n\n<p>Liderlik e\u011fitimimiz, mevcut y\u00f6neticilerinizi ve lider adaylar\u0131n\u0131z\u0131, i\u015f d\u00fcnyas\u0131nda kar\u015f\u0131la\u015fabilecekleri her t\u00fcrl\u00fc zorlu\u011fa haz\u0131rlamak \u00fczere tasarlanm\u0131\u015ft\u0131r. Bu kapsaml\u0131 program, liderlik yetkinliklerini g\u00fc\u00e7lendirerek, y\u00f6neticilerinizin \u015firketinize daha fazla de\u011fer katmas\u0131n\u0131 sa\u011flar.<\/p>\n\n\n\n<p><\/p>\n\n\n\n<p><strong>Stratejik Liderlik ve Karar Verme Yetkinli\u011fi<\/strong>: Y\u00f6neticilerinizin gelece\u011fi \u00f6ng\u00f6rerek stratejik planlama yapabilme becerilerini geli\u015ftiriyoruz. Zorlu i\u015f ko\u015fullar\u0131nda bile bilin\u00e7li, h\u0131zl\u0131 ve etkili kararlar alabilmeleri i\u00e7in onlara gerekli ara\u00e7lar\u0131 sunuyoruz. Bu sayede, organizasyonunuzu bir ad\u0131m \u00f6teye ta\u015f\u0131yacak stratejik ad\u0131mlar\u0131 g\u00fcvenle atabilecek liderler yeti\u015ftiriyoruz.<\/p>\n\n\n\n<p><\/p>\n\n\n\n<p><strong>Tak\u0131m Y\u00f6netimi ve Etkili \u0130leti\u015fim<\/strong>: \u0130yi bir lider, tak\u0131m\u0131n\u0131 motive edebilen ve a\u00e7\u0131k bir ileti\u015fim kanal\u0131 kurabilen ki\u015fidir. E\u011fitimimiz, liderlerinizin ekip i\u00e7inde etkin ileti\u015fim kurma, farkl\u0131 g\u00f6r\u00fc\u015fleri bir araya getirme ve ortak hedeflere ula\u015fma becerilerini geli\u015ftirir. Tak\u0131m ruhunu g\u00fc\u00e7lendirerek, uyumlu ve y\u00fcksek performansl\u0131 ekipler yaratmalar\u0131na yard\u0131mc\u0131 oluruz.<\/p>\n\n\n\n<p><\/p>\n\n\n\n<p><strong>Duygusal Zeka ve Empati Becerileri<\/strong>: Ba\u015far\u0131l\u0131 bir lider, sadece i\u015f sonu\u00e7lar\u0131na odaklanmaz, ayn\u0131 zamanda insan ili\u015fkilerini g\u00fc\u00e7l\u00fc tutar. Duygusal zeka e\u011fitimlerimiz sayesinde, liderlerinizin \u00e7al\u0131\u015fanlar\u0131n\u0131n duygusal ihtiya\u00e7lar\u0131n\u0131 anlamalar\u0131n\u0131, empati kurmalar\u0131n\u0131 ve daha g\u00fc\u00e7l\u00fc bir g\u00fcven ortam\u0131 olu\u015fturmalar\u0131n\u0131 sa\u011fl\u0131yoruz.<\/p>\n\n\n\n<p><\/p>\n\n\n\n<p><strong>De\u011fi\u015fim ve Kriz Y\u00f6netimi<\/strong>: \u0130\u015f d\u00fcnyas\u0131 s\u00fcrekli de\u011fi\u015fim i\u00e7indedir ve krizlerle kar\u015f\u0131la\u015fmak ka\u00e7\u0131n\u0131lmazd\u0131r. Liderlik e\u011fitimlerimizde, de\u011fi\u015fime h\u0131zl\u0131 uyum sa\u011flayabilen ve kriz anlar\u0131nda so\u011fukkanl\u0131l\u0131kla \u00e7\u00f6z\u00fcm \u00fcretebilen liderler yeti\u015ftiriyoruz. De\u011fi\u015fim s\u00fcre\u00e7lerini y\u00f6nlendirebilecek, \u00e7al\u0131\u015fanlar\u0131na bu s\u00fcre\u00e7lerde rehberlik edebilecek ve \u015firketin ba\u015far\u0131l\u0131 bir \u015fekilde adapte olmas\u0131n\u0131 sa\u011flayacak stratejik liderlik becerilerini kazand\u0131r\u0131yoruz.<\/p>\n\n\n\n<p><\/p>\n\n\n\n<p><strong>\u00c7at\u0131\u015fma Y\u00f6netimi ve Problem \u00c7\u00f6zme<\/strong>: Ekip i\u00e7i \u00e7at\u0131\u015fmalar, her organizasyonda do\u011fal olarak ortaya \u00e7\u0131kabilir. Ancak, g\u00fc\u00e7l\u00fc liderler bu \u00e7at\u0131\u015fmalar\u0131 etkili bir \u015fekilde y\u00f6neterek \u015firketin verimlili\u011fini art\u0131rabilir. Liderlik e\u011fitimlerimiz, y\u00f6neticilerin olas\u0131 \u00e7at\u0131\u015fma ve anla\u015fmazl\u0131klar\u0131 \u00e7\u00f6zme becerilerini geli\u015ftirir, problem \u00e7\u00f6zme konusunda proaktif bir yakla\u015f\u0131m kazand\u0131r\u0131r.<\/p>\n\n\n\n<h2 class=\"wp-block-heading\"><strong><strong>Liderlik E\u011fitimine Kimler Kat\u0131lmal\u0131?<\/strong><\/strong><\/h2>\n\n\n\n<p><strong>Mevcut Y\u00f6neticiler<\/strong>: Y\u00f6neticiler, stratejik kararlar alarak ve ekiplerini y\u00f6nlendirerek \u015firketin ba\u015far\u0131s\u0131na do\u011frudan etki ederler. Liderlik e\u011fitimleri, mevcut y\u00f6neticilerinizin daha etkili liderler olmalar\u0131na ve geli\u015fen i\u015f d\u00fcnyas\u0131nda yenilik\u00e7i \u00e7\u00f6z\u00fcmler \u00fcretebilmelerine olanak tan\u0131r.<\/p>\n\n\n\n<p><strong>Liderlik Potansiyeline Sahip \u00c7al\u0131\u015fanlar<\/strong>: \u015eirketinizde liderlik yetkinlikleri sergileyen ve gelecekteki y\u00f6netici adaylar\u0131 olarak g\u00f6rd\u00fc\u011f\u00fcn\u00fcz \u00e7al\u0131\u015fanlar, bu e\u011fitimlerle liderlik yolculuklar\u0131na daha g\u00fc\u00e7l\u00fc ad\u0131mlar atabilirler. Bu sayede, \u015firket i\u00e7i terfi ve geli\u015fim s\u00fcre\u00e7lerini destekleyerek gelece\u011fin liderlerini bug\u00fcnden haz\u0131rlars\u0131n\u0131z.<\/p>\n\n\n\n<p><strong>Yeni Y\u00f6neticiler<\/strong>: \u0130lk kez y\u00f6neticilik pozisyonuna ge\u00e7en ki\u015filer, liderlik becerilerini geli\u015ftirmek i\u00e7in bu e\u011fitimlerden b\u00fcy\u00fck fayda sa\u011flar. Ekip y\u00f6netimi, karar verme, stratejik d\u00fc\u015f\u00fcnme gibi konularda daha yetkin hale gelerek, yeni g\u00f6revlerine h\u0131zl\u0131 ve ba\u015far\u0131l\u0131 bir ba\u015flang\u0131\u00e7 yapabilirler.<\/p>\n\n\n\n<p><strong>Tak\u0131m Liderleri ve Proje Y\u00f6neticileri<\/strong>: Tak\u0131m liderleri ve proje y\u00f6neticileri, operasyonel s\u00fcre\u00e7leri y\u00f6netirken etkili liderlik sergileyebilmelidir. Liderlik e\u011fitimi, bu ki\u015filerin ekiplerini motive etme, ileti\u015fimi g\u00fc\u00e7lendirme ve hedeflere ula\u015fma becerilerini geli\u015ftirir.<\/p>\n\n\n\n<p><strong>Orta Kademe Y\u00f6neticiler<\/strong>: \u015eirketin \u00fcst y\u00f6netimi ile \u00e7al\u0131\u015fanlar aras\u0131nda k\u00f6pr\u00fc g\u00f6revi g\u00f6ren orta kademe y\u00f6neticiler, \u015firketin genel stratejilerini ekiplerine ba\u015far\u0131l\u0131 bir \u015fekilde iletmek zorundad\u0131r. Liderlik e\u011fitimleri, onlar\u0131n bu s\u00fcre\u00e7te daha g\u00fc\u00e7l\u00fc ve etkin bir liderlik sergilemelerine yard\u0131mc\u0131 olur.<\/p>\n\n\n\n<p><strong>C-Suite ve \u00dcst Y\u00f6netim<\/strong>: CEO, CFO, COO, CMO, CHR,CSO gibi \u00fcst d\u00fczey y\u00f6neticiler bile geli\u015fimlerini s\u00fcrd\u00fcrmek i\u00e7in liderlik e\u011fitimlerinden faydalanabilir. De\u011fi\u015fen pazar ko\u015fullar\u0131 ve yeni nesil i\u015f d\u00fcnyas\u0131 dinamiklerine uyum sa\u011flamak i\u00e7in liderlik yeteneklerini s\u00fcrekli g\u00fcncel tutmalar\u0131 b\u00fcy\u00fck \u00f6nem ta\u015f\u0131r.<\/p>\n\n\n\n<hr class=\"wp-block-separator has-alpha-channel-opacity is-style-wide\"\/>\n\n\n\n<p><strong>E\u011fitim S\u00fcresi \/ Yeri \/ Tarihi:<\/strong><\/p>\n\n\n\n<p><strong>E\u011fitim S\u00fcresi:<\/strong> Mod\u00fcl ve kat\u0131l\u0131m gruplar\u0131na g\u00f6re de\u011fi\u015fiklik g\u00f6sterir<br><strong>E\u011fitim Yeri \/ Tarihi:<\/strong> E\u011fitim yeri ve tarihi birlikte kararla\u015ft\u0131r\u0131l\u0131r<\/p>\n\n\n\n<div class=\"wp-block-group alignfull has-global-padding is-layout-constrained wp-block-group-is-layout-constrained\">\n<div class=\"wp-block-group is-vertical is-content-justification-right is-layout-flex wp-container-core-group-is-layout-c0d519fa wp-block-group-is-layout-flex\">\n<div class=\"wp-block-columns is-layout-flex wp-container-core-columns-is-layout-28f84493 wp-block-columns-is-layout-flex\">\n<div class=\"wp-block-column is-layout-flow wp-block-column-is-layout-flow\" style=\"flex-basis:100%\">\n<div class=\"wp-block-group has-global-padding is-layout-constrained wp-block-group-is-layout-constrained\">\n<hr class=\"wp-block-separator has-alpha-channel-opacity is-style-wide\"\/>\n<\/div>\n<\/div>\n<\/div>\n<\/div>\n<\/div>\n\n\n\n<p><\/p>\n\n\n\n<p><\/p>\n\n\n\n<hr class=\"wp-block-separator has-alpha-channel-opacity is-style-wide\"\/>\n\n\n\n<p class=\"has-text-align-center\"><strong><em>S\u00fcrd\u00fcr\u00fclebilir Ba\u015far\u0131 \u0130\u00e7in Liderlerinizle Gelece\u011fe Haz\u0131rlan\u0131n<\/em><\/strong><\/p>\n\n\n\n<p>Gelece\u011fin liderlerini yeti\u015ftirmek, sadece bug\u00fcn\u00fcn i\u015f s\u00fcre\u00e7lerini iyile\u015ftirmekle kalmaz, ayn\u0131 zamanda \u015firketinizin uzun vadeli ba\u015far\u0131s\u0131n\u0131 da g\u00fcvence alt\u0131na al\u0131r. &#8220;<strong><em>Biz, her sekt\u00f6re ve i\u015f yap\u0131s\u0131na \u00f6zel liderlik e\u011fitim \u00e7\u00f6z\u00fcmleri sunarak, organizasyonunuzun ihtiya\u00e7lar\u0131na en uygun stratejileri geli\u015ftiriyoruz.&#8221;<\/em><\/strong><\/p>\n\n\n\n<p>Liderlerinizin potansiyelini en \u00fcst seviyeye \u00e7\u0131kararak, i\u015f d\u00fcnyas\u0131nda fark yaratmak istiyorsan\u0131z, size \u00f6zel liderlik e\u011fitimlerimizi ke\u015ffedin. G\u00fc\u00e7l\u00fc liderlerle organizasyonunuzun gelece\u011fini bug\u00fcnden \u015fekillendirin!<\/p>\n\n\n\n<p class=\"has-text-align-center\"><strong>Liderlik e\u011fitimi ile ilgili daha fazla bilgi almak ve \u015firketinize \u00f6zel \u00e7\u00f6z\u00fcmlerimizi \u00f6\u011frenmek i\u00e7in bizimle <a href=\"info@niraakademi.com\" rel=\"nofollow\">ileti\u015fime ge\u00e7in!<\/a><\/strong><\/p>\n\n\n\n<hr class=\"wp-block-separator has-alpha-channel-opacity is-style-wide\"\/>\n\n\n\n<p><\/p>\n","protected":false},"excerpt":{"rendered":"<p>Ba\u015far\u0131l\u0131 bir organizasyonun temel ta\u015flar\u0131ndan biri, g\u00fc\u00e7l\u00fc liderlerin varl\u0131\u011f\u0131d\u0131r. Liderler, sadece g\u00fcnl\u00fck i\u015f ak\u0131\u015f\u0131n\u0131 y\u00f6netmekle kalmaz, ayn\u0131 zamanda \u015firketin b\u00fcy\u00fcmesini ve uzun vadeli ba\u015far\u0131s\u0131n\u0131 sa\u011flayan stratejik kararlar\u0131n arkas\u0131ndaki g\u00fc\u00e7t\u00fcr. \u0130\u015f d\u00fcnyas\u0131nda rekabetin giderek artt\u0131\u011f\u0131 bu d\u00f6nemde, yetkin liderlere sahip olmak, s\u00fcrd\u00fcr\u00fclebilir b\u00fcy\u00fcmenin anahtar\u0131d\u0131r. Liderlik e\u011fitimi, y\u00f6neticilerinizin ve lider adaylar\u0131n\u0131z\u0131n yetkinliklerini geli\u015ftirmeye y\u00f6nelik kapsaml\u0131 bir programd\u0131r. [&hellip;]<\/p>\n","protected":false},"author":1,"featured_media":0,"parent":0,"menu_order":0,"comment_status":"closed","ping_status":"closed","template":"","meta":{"_themeisle_gutenberg_block_has_review":false,"footnotes":""},"class_list":["post-193","page","type-page","status-publish","hentry"],"_links":{"self":[{"href":"https:\/\/niraakademi.com\/index.php\/wp-json\/wp\/v2\/pages\/193","targetHints":{"allow":["GET"]}}],"collection":[{"href":"https:\/\/niraakademi.com\/index.php\/wp-json\/wp\/v2\/pages"}],"about":[{"href":"https:\/\/niraakademi.com\/index.php\/wp-json\/wp\/v2\/types\/page"}],"author":[{"embeddable":true,"href":"https:\/\/niraakademi.com\/index.php\/wp-json\/wp\/v2\/users\/1"}],"replies":[{"embeddable":true,"href":"https:\/\/niraakademi.com\/index.php\/wp-json\/wp\/v2\/comments?post=193"}],"version-history":[{"count":23,"href":"https:\/\/niraakademi.com\/index.php\/wp-json\/wp\/v2\/pages\/193\/revisions"}],"predecessor-version":[{"id":696,"href":"https:\/\/niraakademi.com\/index.php\/wp-json\/wp\/v2\/pages\/193\/revisions\/696"}],"wp:attachment":[{"href":"https:\/\/niraakademi.com\/index.php\/wp-json\/wp\/v2\/media?parent=193"}],"curies":[{"name":"wp","href":"https:\/\/api.w.org\/{rel}","templated":true}]}}