{"id":187,"date":"2024-09-05T00:09:20","date_gmt":"2024-09-05T00:09:20","guid":{"rendered":"https:\/\/niraakademi.com\/?page_id=187"},"modified":"2024-09-19T11:10:16","modified_gmt":"2024-09-19T11:10:16","slug":"marka-tescili-ve-hukuki-danismanlik","status":"publish","type":"page","link":"https:\/\/niraakademi.com\/index.php\/marka-tescili-ve-hukuki-danismanlik\/","title":{"rendered":"Marka Tescili ve Hukuki Dan\u0131\u015fmanl\u0131k"},"content":{"rendered":"\n<figure class=\"wp-block-image alignwide size-large\"><img fetchpriority=\"high\" decoding=\"async\" width=\"1024\" height=\"576\" src=\"https:\/\/niraakademi.com\/wp-content\/uploads\/2024\/09\/marka-tescil-1024x576.jpg\" alt=\"\" class=\"wp-image-708\" srcset=\"https:\/\/niraakademi.com\/wp-content\/uploads\/2024\/09\/marka-tescil-1024x576.jpg 1024w, https:\/\/niraakademi.com\/wp-content\/uploads\/2024\/09\/marka-tescil-300x169.jpg 300w, https:\/\/niraakademi.com\/wp-content\/uploads\/2024\/09\/marka-tescil-768x432.jpg 768w, https:\/\/niraakademi.com\/wp-content\/uploads\/2024\/09\/marka-tescil-1536x864.jpg 1536w, https:\/\/niraakademi.com\/wp-content\/uploads\/2024\/09\/marka-tescil.jpg 1560w\" sizes=\"(max-width: 1024px) 100vw, 1024px\" \/><\/figure>\n\n\n\n<p><strong>Neden Marka Tescili?<\/strong><\/p>\n\n\n\n<p>Bir marka, bir i\u015fletmenin kimli\u011fini olu\u015fturan en \u00f6nemli unsurlardan biridir. T\u00fcketicilere<\/p>\n\n\n\n<p>sundu\u011funuz \u00fcr\u00fcn veya hizmetlerin kalitesini temsil eden markan\u0131z, pazarda \u00f6ne \u00e7\u0131kman\u0131z\u0131 sa\u011flar.<\/p>\n\n\n\n<p>Ancak marka tescili yap\u0131lmad\u0131\u011f\u0131 takdirde, bu de\u011ferli varl\u0131klar\u0131n\u0131z\u0131n korunmas\u0131 m\u00fcmk\u00fcn de\u011fildir.<\/p>\n\n\n\n<p>Marka tescili, marka ad\u0131n\u0131z\u0131n ve sembollerinizin yasal olarak korunmas\u0131n\u0131 sa\u011flayarak, ba\u015fkalar\u0131n\u0131n<\/p>\n\n\n\n<p>markan\u0131z\u0131 izinsiz kullanmas\u0131n\u0131 engeller.<\/p>\n\n\n\n<p><strong>Marka Tescili S\u00fcreci<\/strong><\/p>\n\n\n\n<p>Marka tescili, belirli a\u015famalardan olu\u015fan bir s\u00fcre\u00e7tir:<\/p>\n\n\n\n<p><strong>1. Ara\u015ft\u0131rma:<\/strong> \u00d6ncelikle, tescil etmek istedi\u011finiz markan\u0131n daha \u00f6nce ba\u015fvurulup<\/p>\n\n\n\n<p>ba\u015fvurulmad\u0131\u011f\u0131n\u0131 kontrol etmek \u00f6nemlidir. Bu a\u015famada, sekt\u00f6rdeki di\u011fer markalarla<\/p>\n\n\n\n<p>\u00e7ak\u0131\u015fma olas\u0131l\u0131klar\u0131n\u0131 ara\u015ft\u0131r\u0131yoruz.<\/p>\n\n\n\n<p><strong>2. Ba\u015fvuru:<\/strong> Ara\u015ft\u0131rma sonu\u00e7lar\u0131na g\u00f6re, marka tescil ba\u015fvurusunu haz\u0131rl\u0131yoruz. Bu s\u00fcre\u00e7te,<\/p>\n\n\n\n<p>gerekli belgelerin eksiksiz ve do\u011fru bir \u015fekilde haz\u0131rlanmas\u0131 kritik \u00f6neme sahiptir.<\/p>\n\n\n\n<p><strong>3. \u0130nceleme:<\/strong> Ba\u015fvurunuz, ilgili marka ofisi taraf\u0131ndan incelenir. Bu a\u015famada, markan\u0131z\u0131n tescil<\/p>\n\n\n\n<p>i\u00e7in uygun olup olmad\u0131\u011f\u0131 de\u011ferlendirilecektir.<\/p>\n\n\n\n<p><strong>4. Tescil:<\/strong> \u0130nceleme s\u00fcrecinin ard\u0131ndan, marka tesciliniz onayland\u0131\u011f\u0131nda, markan\u0131z yasal olarak<\/p>\n\n\n\n<p>korunmaya al\u0131n\u0131r.<\/p>\n\n\n\n<p><strong>5. Yenileme:<\/strong> Tescil s\u00fcreci sonras\u0131nda markan\u0131z\u0131n korunmas\u0131n\u0131 s\u00fcrd\u00fcrmek i\u00e7in belirli<\/p>\n\n\n\n<p>aral\u0131klarla yenileme i\u015flemlerinin yap\u0131lmas\u0131 gerekmektedir.<\/p>\n\n\n\n<p><strong>Hukuki Dan\u0131\u015fmanl\u0131k<\/strong><\/p>\n\n\n\n<p>Marka tescili s\u00fcreci karma\u015f\u0131k olabilir ve hukuki sorunlarla kar\u015f\u0131la\u015fma riski ta\u015f\u0131r. \u0130\u015fte bu noktada<\/p>\n\n\n\n<p>hukuki dan\u0131\u015fmanl\u0131k hizmetimiz devreye girer:<\/p>\n\n\n\n<p><strong>\u2022 Hukuki Dan\u0131\u015fmanl\u0131k:<\/strong> Marka tescili, fikri m\u00fclkiyet haklar\u0131, marka ihlalleri gibi konularda<\/p>\n\n\n\n<p>uzman ekibimizle dan\u0131\u015fmanl\u0131k hizmeti sunuyoruz. T\u00fcm hukuki s\u00fcre\u00e7lerinizi profesyonel bir<\/p>\n\n\n\n<p>\u015fekilde y\u00f6netiyoruz.<\/p>\n\n\n\n<p><strong>\u2022 \u0130hlal Durumlar\u0131nda Destek:<\/strong> Markan\u0131z\u0131n izinsiz kullan\u0131m\u0131n\u0131 tespit etti\u011finizde, hukuki<\/p>\n\n\n\n<p>s\u00fcre\u00e7lerinizi y\u00f6nlendirmek ve gerekli \u00f6nlemleri almak i\u00e7in yan\u0131n\u0131zday\u0131z. \u0130hlal durumlar\u0131nda,<\/p>\n\n\n\n<p>hukuki yollara ba\u015fvurarak haklar\u0131n\u0131z\u0131 koruma alt\u0131na al\u0131yoruz.<\/p>\n\n\n\n<p><strong>\u2022 S\u00f6zle\u015fme Haz\u0131rlama:<\/strong> Marka tescili s\u00fcrecinde, lisans anla\u015fmalar\u0131 veya marka devri gibi<\/p>\n\n\n\n<p>hukuki belgelerin haz\u0131rlanmas\u0131nda yard\u0131mc\u0131 oluyoruz.<\/p>\n\n\n\n<p><\/p>\n","protected":false},"excerpt":{"rendered":"<p>Neden Marka Tescili? Bir marka, bir i\u015fletmenin kimli\u011fini olu\u015fturan en \u00f6nemli unsurlardan biridir. T\u00fcketicilere sundu\u011funuz \u00fcr\u00fcn veya hizmetlerin kalitesini temsil eden markan\u0131z, pazarda \u00f6ne \u00e7\u0131kman\u0131z\u0131 sa\u011flar. Ancak marka tescili yap\u0131lmad\u0131\u011f\u0131 takdirde, bu de\u011ferli varl\u0131klar\u0131n\u0131z\u0131n korunmas\u0131 m\u00fcmk\u00fcn de\u011fildir. Marka tescili, marka ad\u0131n\u0131z\u0131n ve sembollerinizin yasal olarak korunmas\u0131n\u0131 sa\u011flayarak, ba\u015fkalar\u0131n\u0131n markan\u0131z\u0131 izinsiz kullanmas\u0131n\u0131 engeller. Marka Tescili S\u00fcreci [&hellip;]<\/p>\n","protected":false},"author":1,"featured_media":0,"parent":0,"menu_order":0,"comment_status":"closed","ping_status":"closed","template":"","meta":{"_themeisle_gutenberg_block_has_review":false,"footnotes":""},"class_list":["post-187","page","type-page","status-publish","hentry"],"_links":{"self":[{"href":"https:\/\/niraakademi.com\/index.php\/wp-json\/wp\/v2\/pages\/187","targetHints":{"allow":["GET"]}}],"collection":[{"href":"https:\/\/niraakademi.com\/index.php\/wp-json\/wp\/v2\/pages"}],"about":[{"href":"https:\/\/niraakademi.com\/index.php\/wp-json\/wp\/v2\/types\/page"}],"author":[{"embeddable":true,"href":"https:\/\/niraakademi.com\/index.php\/wp-json\/wp\/v2\/users\/1"}],"replies":[{"embeddable":true,"href":"https:\/\/niraakademi.com\/index.php\/wp-json\/wp\/v2\/comments?post=187"}],"version-history":[{"count":4,"href":"https:\/\/niraakademi.com\/index.php\/wp-json\/wp\/v2\/pages\/187\/revisions"}],"predecessor-version":[{"id":709,"href":"https:\/\/niraakademi.com\/index.php\/wp-json\/wp\/v2\/pages\/187\/revisions\/709"}],"wp:attachment":[{"href":"https:\/\/niraakademi.com\/index.php\/wp-json\/wp\/v2\/media?parent=187"}],"curies":[{"name":"wp","href":"https:\/\/api.w.org\/{rel}","templated":true}]}}