{"id":182,"date":"2024-09-05T00:07:30","date_gmt":"2024-09-05T00:07:30","guid":{"rendered":"https:\/\/niraakademi.com\/?page_id=182"},"modified":"2024-09-19T11:21:23","modified_gmt":"2024-09-19T11:21:23","slug":"sosyal-medya-reklamciligi-yonetimi","status":"publish","type":"page","link":"https:\/\/niraakademi.com\/index.php\/sosyal-medya-reklamciligi-yonetimi\/","title":{"rendered":"Sosyal Medya Reklamc\u0131l\u0131\u011f\u0131\/Y\u00f6netimi"},"content":{"rendered":"\n<figure class=\"wp-block-image alignwide size-large\"><img fetchpriority=\"high\" decoding=\"async\" width=\"1024\" height=\"422\" src=\"https:\/\/niraakademi.com\/wp-content\/uploads\/2024\/09\/social-media-mangement-guide-header-1024x422.jpg\" alt=\"\" class=\"wp-image-715\" srcset=\"https:\/\/niraakademi.com\/wp-content\/uploads\/2024\/09\/social-media-mangement-guide-header-1024x422.jpg 1024w, https:\/\/niraakademi.com\/wp-content\/uploads\/2024\/09\/social-media-mangement-guide-header-300x124.jpg 300w, https:\/\/niraakademi.com\/wp-content\/uploads\/2024\/09\/social-media-mangement-guide-header-768x317.jpg 768w, https:\/\/niraakademi.com\/wp-content\/uploads\/2024\/09\/social-media-mangement-guide-header-1536x634.jpg 1536w, https:\/\/niraakademi.com\/wp-content\/uploads\/2024\/09\/social-media-mangement-guide-header.jpg 1600w\" sizes=\"(max-width: 1024px) 100vw, 1024px\" \/><\/figure>\n\n\n\n<p><strong>Neden Sosyal Medya Reklamlar\u0131?<\/strong><\/p>\n\n\n\n<p>G\u00fcn\u00fcm\u00fczde sosyal medya, hedef kitlenizle do\u011frudan etkile\u015fim kurman\u0131n en etkili yollar\u0131ndan<\/p>\n\n\n\n<p>biridir. Potansiyel m\u00fc\u015fterilerinizi tan\u0131man\u0131n, onlar\u0131n ilgi alanlar\u0131na ula\u015fman\u0131n ve markan\u0131z\u0131 \u00f6n plana<\/p>\n\n\n\n<p>\u00e7\u0131karman\u0131n tam zaman\u0131!<\/p>\n\n\n\n<p><strong>Sosyal Medya Reklam Y\u00f6netimi Nedir?<\/strong><\/p>\n\n\n\n<p>Sosyal medya reklam y\u00f6netimi, markan\u0131z\u0131n sosyal medya platformlar\u0131nda (Facebook(Meta),<\/p>\n\n\n\n<p>Instagram, X, LinkedIn vb.) stratejik bir \u015fekilde reklam kampanyalar\u0131 olu\u015fturmas\u0131n\u0131, y\u00fcr\u00fctmesini ve<\/p>\n\n\n\n<p>analiz etmesini i\u00e7eren s\u00fcre\u00e7tir. Amac\u0131m\u0131z, hedef kitlenize ula\u015farak d\u00f6n\u00fc\u015f\u00fcm oranlar\u0131n\u0131z\u0131 art\u0131rmak ve<\/p>\n\n\n\n<p>marka bilinirli\u011finizi y\u00fckseltmektir.<\/p>\n\n\n\n<p><strong>Hedef Belirleme<\/strong><\/p>\n\n\n\n<p>\u0130lk ad\u0131m, markan\u0131z\u0131n hedeflerini belirlemektir. Hedeflerinizi net bir \u015fekilde tan\u0131mlamak,<\/p>\n\n\n\n<p>stratejimizin temelini olu\u015fturur. Sat\u0131\u015f art\u0131rmak, marka bilinirli\u011fini art\u0131rmak veya yeni m\u00fc\u015fteri<\/p>\n\n\n\n<p>kazanmak gibi hedeflerle ba\u015fl\u0131yoruz.<\/p>\n\n\n\n<p><strong>Hedef Kitle Analizi<\/strong><\/p>\n\n\n\n<p>Sosyal medya platformlar\u0131, kullan\u0131c\u0131 verileriyle doludur. Bu veriler do\u011fru kullan\u0131l\u0131rsa sonuca etkin<\/p>\n\n\n\n<p>bir \u015fekilde ula\u015f\u0131l\u0131r. \u0130\u015fte tamda bu noktada sizleri profesyonel ekimizle tan\u0131\u015fmaya davet<\/p>\n\n\n\n<p>ediyoruz.Hedef kitlenizin demografik bilgileri, ilgi alanlar\u0131 ve \u00e7evrimi\u00e7i davran\u0131\u015flar\u0131n\u0131 analiz ederek<\/p>\n\n\n\n<p>en etkili kampanya stratejilerini geli\u015ftirebiliriz. Kiminle konu\u015ftu\u011funuzu bilmek, mesaj\u0131n\u0131z\u0131<\/p>\n\n\n\n<p>\u00f6zelle\u015ftirmenizi sa\u011flar!<\/p>\n\n\n\n<p><strong>\u0130\u00e7erik Stratejisi<\/strong><\/p>\n\n\n\n<p>Etkili bir reklam, ilgi \u00e7ekici i\u00e7erik ile ba\u015flar. G\u00f6rseller, videolar ve yaz\u0131l\u0131 i\u00e7eriklerin bir araya<\/p>\n\n\n\n<p>gelmesi, kullan\u0131c\u0131lar\u0131n dikkatini \u00e7eker. Dikkatiniz \u00e7ekmek sadece ilk ad\u0131m\u0131m\u0131z oldu\u011funu<\/p>\n\n\n\n<p>unutulmamal\u0131d\u0131r. Sonras\u0131nda etkin ve markan\u0131za uygun bir programla, markan\u0131z\u0131n sesini yans\u0131tan,<\/p>\n\n\n\n<p>\u00f6zg\u00fcn ve etkileyici i\u00e7erikler olu\u015fturarak etkile\u015fimi art\u0131r\u0131r\u0131z.<\/p>\n\n\n\n<p><strong>Reklam B\u00fct\u00e7esi Y\u00f6netimi<\/strong><\/p>\n\n\n\n<p>B\u00fct\u00e7enizi en verimli \u015fekilde kullanmak i\u00e7in, her kampanyan\u0131n performans\u0131n\u0131 s\u00fcrekli olarak izleriz.<\/p>\n\n\n\n<p>ROI (Yat\u0131r\u0131m Getirisi) analizleri ile hangi kampanyalar\u0131n en iyi sonu\u00e7lar\u0131 verdi\u011fini belirleyip,<\/p>\n\n\n\n<p>kaynaklar\u0131m\u0131z\u0131 bu alanlara y\u00f6nlendiririz.<\/p>\n\n\n\n<p><strong>S\u00fcrekli \u0130zleme ve Optimizasyon<\/strong><\/p>\n\n\n\n<p>Rekabetin yo\u011fun oldu\u011fu sosyal medya d\u00fcnyas\u0131nda, s\u00fcrekli olarak kampanyalar\u0131n\u0131z\u0131 izlemek ve<\/p>\n\n\n\n<p>optimize etmek kritik \u00f6neme sahiptir. Performans verilerini analiz ederek, gerekti\u011finde stratejimizi<\/p>\n\n\n\n<p>g\u00fcncelleyip geli\u015ftirebiliriz.<\/p>\n\n\n\n<p><strong>Sonu\u00e7lar\u0131 \u00d6l\u00e7me<\/strong><\/p>\n\n\n\n<p>Reklam kampanyalar\u0131n\u0131z\u0131n ba\u015far\u0131s\u0131n\u0131 \u00f6l\u00e7mek, gelecekteki stratejilerimizi \u015fekillendirmek a\u00e7\u0131s\u0131ndan<\/p>\n\n\n\n<p>olduk\u00e7a \u00f6nemlidir. Hedeflerinize ula\u015fma oran\u0131n\u0131z\u0131 takip ederek, gelecekteki kampanyalar\u0131n\u0131z i\u00e7in<\/p>\n\n\n\n<p>de\u011ferli veriler elde ederiz.<\/p>\n\n\n\n<p><strong>Neden Biz?<\/strong><\/p>\n\n\n\n<p><strong>\u2022 Deneyimli Ekip:<\/strong> Sosyal medya reklamc\u0131l\u0131\u011f\u0131 konusunda uzmanla\u015fm\u0131\u015f bir ekiple<\/p>\n\n\n\n<p>\u00e7al\u0131\u015f\u0131yorsunuz.<\/p>\n\n\n\n<p><strong>\u2022 \u00d6zel \u00c7\u00f6z\u00fcmler:<\/strong> Her markan\u0131n kendine \u00f6zg\u00fc ihtiya\u00e7lar\u0131 vard\u0131r; bu y\u00fczden \u00f6zelle\u015ftirilmi\u015f<\/p>\n\n\n\n<p>\u00e7\u00f6z\u00fcmler sunuyoruz.<\/p>\n\n\n\n<p><strong>\u2022 Sonu\u00e7 Odakl\u0131l\u0131k:<\/strong> Hedeflerinize ula\u015fmak i\u00e7in s\u00fcrekli bir geli\u015fim ve iyile\u015ftirme s\u00fcreci<\/p>\n\n\n\n<p>i\u00e7indeyiz.<\/p>\n\n\n\n<p><\/p>\n\n\n\n<p><strong>Sosyal medya reklam y\u00f6netiminde bir ad\u0131m \u00f6nde olmak ve markan\u0131z\u0131 y\u00fckseltmek i\u00e7in hemen<\/strong><\/p>\n\n\n\n<p><strong>bizimle ileti\u015fime ge\u00e7in! Sizi dinlemek ve ihtiya\u00e7lar\u0131n\u0131za \u00f6zel \u00e7\u00f6z\u00fcmler sunmak i\u00e7in buraday\u0131z.<\/strong><\/p>\n\n\n\n<p><strong>Unutmay\u0131n, ba\u015far\u0131n\u0131z bizim ba\u015far\u0131m\u0131zd\u0131r!<\/strong><\/p>\n\n\n\n<hr class=\"wp-block-separator has-alpha-channel-opacity is-style-wide\"\/>\n","protected":false},"excerpt":{"rendered":"<p>Neden Sosyal Medya Reklamlar\u0131? G\u00fcn\u00fcm\u00fczde sosyal medya, hedef kitlenizle do\u011frudan etkile\u015fim kurman\u0131n en etkili yollar\u0131ndan biridir. Potansiyel m\u00fc\u015fterilerinizi tan\u0131man\u0131n, onlar\u0131n ilgi alanlar\u0131na ula\u015fman\u0131n ve markan\u0131z\u0131 \u00f6n plana \u00e7\u0131karman\u0131n tam zaman\u0131! Sosyal Medya Reklam Y\u00f6netimi Nedir? Sosyal medya reklam y\u00f6netimi, markan\u0131z\u0131n sosyal medya platformlar\u0131nda (Facebook(Meta), Instagram, X, LinkedIn vb.) stratejik bir \u015fekilde reklam kampanyalar\u0131 olu\u015fturmas\u0131n\u0131, y\u00fcr\u00fctmesini [&hellip;]<\/p>\n","protected":false},"author":1,"featured_media":0,"parent":0,"menu_order":0,"comment_status":"closed","ping_status":"closed","template":"","meta":{"_themeisle_gutenberg_block_has_review":false,"footnotes":""},"class_list":["post-182","page","type-page","status-publish","hentry"],"_links":{"self":[{"href":"https:\/\/niraakademi.com\/index.php\/wp-json\/wp\/v2\/pages\/182","targetHints":{"allow":["GET"]}}],"collection":[{"href":"https:\/\/niraakademi.com\/index.php\/wp-json\/wp\/v2\/pages"}],"about":[{"href":"https:\/\/niraakademi.com\/index.php\/wp-json\/wp\/v2\/types\/page"}],"author":[{"embeddable":true,"href":"https:\/\/niraakademi.com\/index.php\/wp-json\/wp\/v2\/users\/1"}],"replies":[{"embeddable":true,"href":"https:\/\/niraakademi.com\/index.php\/wp-json\/wp\/v2\/comments?post=182"}],"version-history":[{"count":5,"href":"https:\/\/niraakademi.com\/index.php\/wp-json\/wp\/v2\/pages\/182\/revisions"}],"predecessor-version":[{"id":718,"href":"https:\/\/niraakademi.com\/index.php\/wp-json\/wp\/v2\/pages\/182\/revisions\/718"}],"wp:attachment":[{"href":"https:\/\/niraakademi.com\/index.php\/wp-json\/wp\/v2\/media?parent=182"}],"curies":[{"name":"wp","href":"https:\/\/api.w.org\/{rel}","templated":true}]}}