{"id":176,"date":"2024-09-04T23:53:06","date_gmt":"2024-09-04T23:53:06","guid":{"rendered":"https:\/\/niraakademi.com\/?page_id=176"},"modified":"2024-09-19T11:28:50","modified_gmt":"2024-09-19T11:28:50","slug":"google-ads-sem","status":"publish","type":"page","link":"https:\/\/niraakademi.com\/index.php\/google-ads-sem\/","title":{"rendered":"Arama Motoru Pazarlamas\u0131 \/ SEM"},"content":{"rendered":"\n<figure class=\"wp-block-image alignwide size-large\"><img fetchpriority=\"high\" decoding=\"async\" width=\"1024\" height=\"555\" src=\"https:\/\/niraakademi.com\/wp-content\/uploads\/2024\/09\/sem-1024x555.png\" alt=\"\" class=\"wp-image-723\" srcset=\"https:\/\/niraakademi.com\/wp-content\/uploads\/2024\/09\/sem-1024x555.png 1024w, https:\/\/niraakademi.com\/wp-content\/uploads\/2024\/09\/sem-300x163.png 300w, https:\/\/niraakademi.com\/wp-content\/uploads\/2024\/09\/sem-768x416.png 768w, https:\/\/niraakademi.com\/wp-content\/uploads\/2024\/09\/sem.png 1200w\" sizes=\"(max-width: 1024px) 100vw, 1024px\" \/><\/figure>\n\n\n\n<p><strong>Neden SEM?<\/strong><\/p>\n\n\n\n<p>Dijital pazarlaman\u0131n temel ta\u015flar\u0131ndan biri olan arama motoru pazarlamas\u0131 (SEM), i\u015fletmenizin<\/p>\n\n\n\n<p>\u00e7evrimi\u00e7i g\u00f6r\u00fcn\u00fcrl\u00fc\u011f\u00fcn\u00fc art\u0131rarak hedef kitlenize ula\u015fman\u0131z\u0131 sa\u011flar. M\u00fc\u015fterilerinizin sizi bulmas\u0131n\u0131<\/p>\n\n\n\n<p>sa\u011flayarak, potansiyel sat\u0131\u015flar\u0131 art\u0131rmak i\u00e7in etkili bir yol sunar.<\/p>\n\n\n\n<p><strong>SEM Y\u00f6netimi Nedir?<\/strong><\/p>\n\n\n\n<p>SEM y\u00f6netimi, arama motorlar\u0131nda (Google, vb.) reklam kampanyalar\u0131 olu\u015fturma, y\u00fcr\u00fctme ve<\/p>\n\n\n\n<p>optimize etme s\u00fcrecidir. Bu s\u00fcre\u00e7, do\u011fru anahtar kelimeleri belirlemek, reklam metinlerini<\/p>\n\n\n\n<p>olu\u015fturmak ve kampanya performans\u0131n\u0131 analiz etmek gibi ad\u0131mlar\u0131 i\u00e7erir.<\/p>\n\n\n\n<p><strong>Hedef Belirleme<\/strong><\/p>\n\n\n\n<p>Her ba\u015far\u0131l\u0131 kampanyan\u0131n arkas\u0131nda net bir hedef bulunur. Hedeflerinizi belirlemek, SEM<\/p>\n\n\n\n<p>stratejimizin temelini olu\u015fturur. \u0130ster web trafi\u011finizi art\u0131rmak, ister d\u00f6n\u00fc\u015f\u00fcm oranlar\u0131n\u0131z\u0131<\/p>\n\n\n\n<p>y\u00fckseltmek, hedeflerinizi birlikte \u015fekillendirebiliriz.<\/p>\n\n\n\n<p><strong>Anahtar Kelime Ara\u015ft\u0131rmas\u0131<\/strong><\/p>\n\n\n\n<p>Hedef kitlenizin ne arad\u0131\u011f\u0131n\u0131 anlamak i\u00e7in kapsaml\u0131 bir anahtar kelime ara\u015ft\u0131rmas\u0131 yapar\u0131z. Do\u011fru<\/p>\n\n\n\n<p>anahtar kelimeleri se\u00e7mek, reklamlar\u0131n\u0131z\u0131n do\u011fru kitleye ula\u015fmas\u0131n\u0131 sa\u011flar. Uzun kuyruklu anahtar<\/p>\n\n\n\n<p>kelimelerden rekabet\u00e7i terimlere kadar geni\u015f bir yelpazede analiz yapar\u0131z.<\/p>\n\n\n\n<p><strong>Reklam Metni Olu\u015fturma<\/strong><\/p>\n\n\n\n<p>Etkileyici reklam metinleri olu\u015fturmak, t\u0131klama oranlar\u0131n\u0131z\u0131 art\u0131r\u0131r. K\u0131sa, \u00f6z ve dikkat \u00e7ekici<\/p>\n\n\n\n<p>metinlerle kullan\u0131c\u0131lar\u0131 web sitenize y\u00f6nlendirebiliriz. Reklamlar\u0131n\u0131z\u0131, kullan\u0131c\u0131lar\u0131n ilgisini \u00e7ekecek<\/p>\n\n\n\n<p>\u015fekilde optimize ederiz.<\/p>\n\n\n\n<p><strong>B\u00fct\u00e7e Y\u00f6netimi<\/strong><\/p>\n\n\n\n<p>Rekabetin yo\u011fun oldu\u011fu arama motoru pazarlamas\u0131nda b\u00fct\u00e7enizi en etkili \u015fekilde y\u00f6netmek kritik<\/p>\n\n\n\n<p>\u00f6nem ta\u015f\u0131r. Hedeflerinize ula\u015fmak i\u00e7in uygun teklif stratejileri geli\u015ftirir ve b\u00fct\u00e7enizi maksimum<\/p>\n\n\n\n<p>verimle kullan\u0131r\u0131z.<\/p>\n\n\n\n<p><strong>Performans \u0130zleme ve Optimizasyon<\/strong><\/p>\n\n\n\n<p>Kampanyalar\u0131n\u0131z\u0131n performans\u0131n\u0131 s\u00fcrekli izleriz. T\u0131klama oranlar\u0131, d\u00f6n\u00fc\u015f\u00fcm oranlar\u0131 ve ROI gibi<\/p>\n\n\n\n<p>\u00f6nemli metrikleri analiz ederek, stratejinizi gerekti\u011finde g\u00fcncelleyip iyile\u015ftiririz. Ba\u015far\u0131, s\u00fcrekli<\/p>\n\n\n\n<p>optimizasyon gerektirir!<\/p>\n\n\n\n<p><strong>Raporlama ve Analiz<\/strong><\/p>\n\n\n\n<p>Kampanyalar\u0131n\u0131z\u0131n ba\u015far\u0131s\u0131n\u0131 \u00f6l\u00e7mek, gelecekteki stratejilerinizi \u015fekillendirmek i\u00e7in \u00f6nemlidir.<\/p>\n\n\n\n<p>Periyodik raporlamalar ile elde edilen verileri payla\u015farak, neyin i\u015fe yarad\u0131\u011f\u0131n\u0131 ve neyin<\/p>\n\n\n\n<p>geli\u015ftirilmesi gerekti\u011fini belirleriz.<strong>Neden Biz?<\/strong><\/p>\n\n\n\n<p><strong>1. Uzman Ekip<\/strong><\/p>\n\n\n\n<p>Bizimle \u00e7al\u0131\u015farak, alan\u0131nda uzman bir ekipten destek al\u0131rs\u0131n\u0131z. Dijital pazarlama, SEM ve SEO gibi<\/p>\n\n\n\n<p>konularda derinlemesine bilgi ve deneyime sahip profesyonellerle \u00e7al\u0131\u015farak, en g\u00fcncel stratejileri<\/p>\n\n\n\n<p>uygulama \u015fans\u0131na sahip olursunuz. Ekibimiz, s\u00fcrekli e\u011fitim ve sekt\u00f6rdeki yeniliklerle kendini<\/p>\n\n\n\n<p>g\u00fcncel tutar.<\/p>\n\n\n\n<p><strong>2. \u00d6zelle\u015ftirilmi\u015f Stratejiler<\/strong><\/p>\n\n\n\n<p>Her i\u015fletmenin kendine \u00f6zg\u00fc hedefleri, hedef kitleleri ve b\u00fct\u00e7eleri vard\u0131r. Biz, sizin ihtiya\u00e7lar\u0131n\u0131za<\/p>\n\n\n\n<p>ve hedeflerinize g\u00f6re \u00f6zelle\u015ftirilmi\u015f SEM \u00e7\u00f6z\u00fcmleri sunarak, en etkili sonu\u00e7lar\u0131 elde etmenizi<\/p>\n\n\n\n<p>sa\u011flar\u0131z. \u0130\u015fletmenizin benzersiz dinamiklerini anlayarak, size en uygun stratejiyi geli\u015ftiriyoruz.<\/p>\n\n\n\n<p><strong>3. Sonu\u00e7 Odakl\u0131 Yakla\u015f\u0131m<\/strong><\/p>\n\n\n\n<p>Bizim i\u00e7in ba\u015far\u0131, yaln\u0131zca g\u00f6r\u00fcn\u00fcrl\u00fck de\u011fil, ayn\u0131 zamanda \u00f6l\u00e7\u00fclebilir sonu\u00e7larla ilgilidir.<\/p>\n\n\n\n<p>Hedeflerinize ula\u015fman\u0131z\u0131 sa\u011flamak i\u00e7in veriye dayal\u0131 kararlar al\u0131yor ve s\u00fcrekli olarak<\/p>\n\n\n\n<p>kampanyalar\u0131n\u0131z\u0131 optimize ediyoruz. Performans metriklerinizi dikkatlice izleyerek, neyin i\u015fe<\/p>\n\n\n\n<p>yarad\u0131\u011f\u0131n\u0131 ve hangi alanlarda geli\u015fim sa\u011flanabilece\u011fini belirliyoruz.<\/p>\n\n\n\n<p><strong>4. \u015eeffaf \u0130leti\u015fim<\/strong><\/p>\n\n\n\n<p>Sizinle s\u00fcrekli ileti\u015fim halinde kalarak, s\u00fcrecin her a\u015famas\u0131nda bilgi payla\u015f\u0131m\u0131 yap\u0131yoruz.<\/p>\n\n\n\n<p>Raporlamalar\u0131m\u0131z sayesinde, kampanyalar\u0131n\u0131z\u0131n durumu ve elde edilen sonu\u00e7lar hakk\u0131nda her<\/p>\n\n\n\n<p>zaman g\u00fcncel bilgilere sahip olursunuz. Bizimle i\u015fbirli\u011fi yaparak, her ad\u0131mda ne yapt\u0131\u011f\u0131m\u0131z\u0131<\/p>\n\n\n\n<p>g\u00f6rebilirsiniz.<\/p>\n\n\n\n<p><strong>5. Y\u00fcksek ROI (Yat\u0131r\u0131m Getirisi)<\/strong><\/p>\n\n\n\n<p>Verimlili\u011fi \u00f6n planda tutarak, b\u00fct\u00e7enizi en iyi \u015fekilde kullanman\u0131za yard\u0131mc\u0131 oluruz. Hedeflerinize<\/p>\n\n\n\n<p>uygun teklif stratejileri ile minimum maliyetle maksimum geri d\u00f6n\u00fc\u015f alman\u0131z\u0131 sa\u011flamak i\u00e7in<\/p>\n\n\n\n<p>\u00e7al\u0131\u015f\u0131yoruz. Her ad\u0131mda yat\u0131r\u0131m getirinizi art\u0131rmay\u0131 hedefliyoruz.<\/p>\n\n\n\n<p><strong>6. Yenilik\u00e7i Teknolojiler<\/strong><\/p>\n\n\n\n<p>Sekt\u00f6rdeki en son yenilikleri takip ederek, en etkili ara\u00e7lar\u0131 ve teknolojileri kullan\u0131yoruz. Geli\u015fmi\u015f<\/p>\n\n\n\n<p>analiz yaz\u0131l\u0131mlar\u0131, otomasyon ara\u00e7lar\u0131 ve veri analiz teknikleri ile kampanyalar\u0131n\u0131z\u0131 g\u00fc\u00e7lendiriyoruz.<\/p>\n\n\n\n<p>Yenilik\u00e7i \u00e7\u00f6z\u00fcmlerle rakiplerinizin bir ad\u0131m \u00f6n\u00fcnde olman\u0131z\u0131 sa\u011fl\u0131yoruz.<\/p>\n\n\n\n<p><strong>7. M\u00fc\u015fteri Memnuniyeti<\/strong><\/p>\n\n\n\n<p>M\u00fc\u015fteri memnuniyeti, bizim i\u00e7in her \u015feyden \u00f6nce gelir. \u0130\u015fbirli\u011fimiz boyunca, beklentilerinizi a\u015fmak<\/p>\n\n\n\n<p>i\u00e7in s\u00fcrekli \u00e7aba g\u00f6steriyoruz. Her ad\u0131mda size de\u011fer katmak ve i\u015f hedeflerinize ula\u015fman\u0131za<\/p>\n\n\n\n<p>yard\u0131mc\u0131 olmak i\u00e7in buraday\u0131z.<\/p>\n\n\n\n<hr class=\"wp-block-separator has-alpha-channel-opacity is-style-wide\"\/>\n","protected":false},"excerpt":{"rendered":"<p>Neden SEM? Dijital pazarlaman\u0131n temel ta\u015flar\u0131ndan biri olan arama motoru pazarlamas\u0131 (SEM), i\u015fletmenizin \u00e7evrimi\u00e7i g\u00f6r\u00fcn\u00fcrl\u00fc\u011f\u00fcn\u00fc art\u0131rarak hedef kitlenize ula\u015fman\u0131z\u0131 sa\u011flar. M\u00fc\u015fterilerinizin sizi bulmas\u0131n\u0131 sa\u011flayarak, potansiyel sat\u0131\u015flar\u0131 art\u0131rmak i\u00e7in etkili bir yol sunar. SEM Y\u00f6netimi Nedir? SEM y\u00f6netimi, arama motorlar\u0131nda (Google, vb.) reklam kampanyalar\u0131 olu\u015fturma, y\u00fcr\u00fctme ve optimize etme s\u00fcrecidir. Bu s\u00fcre\u00e7, do\u011fru anahtar kelimeleri belirlemek, [&hellip;]<\/p>\n","protected":false},"author":1,"featured_media":0,"parent":0,"menu_order":0,"comment_status":"closed","ping_status":"closed","template":"","meta":{"_themeisle_gutenberg_block_has_review":false,"footnotes":""},"class_list":["post-176","page","type-page","status-publish","hentry"],"_links":{"self":[{"href":"https:\/\/niraakademi.com\/index.php\/wp-json\/wp\/v2\/pages\/176","targetHints":{"allow":["GET"]}}],"collection":[{"href":"https:\/\/niraakademi.com\/index.php\/wp-json\/wp\/v2\/pages"}],"about":[{"href":"https:\/\/niraakademi.com\/index.php\/wp-json\/wp\/v2\/types\/page"}],"author":[{"embeddable":true,"href":"https:\/\/niraakademi.com\/index.php\/wp-json\/wp\/v2\/users\/1"}],"replies":[{"embeddable":true,"href":"https:\/\/niraakademi.com\/index.php\/wp-json\/wp\/v2\/comments?post=176"}],"version-history":[{"count":4,"href":"https:\/\/niraakademi.com\/index.php\/wp-json\/wp\/v2\/pages\/176\/revisions"}],"predecessor-version":[{"id":725,"href":"https:\/\/niraakademi.com\/index.php\/wp-json\/wp\/v2\/pages\/176\/revisions\/725"}],"wp:attachment":[{"href":"https:\/\/niraakademi.com\/index.php\/wp-json\/wp\/v2\/media?parent=176"}],"curies":[{"name":"wp","href":"https:\/\/api.w.org\/{rel}","templated":true}]}}