{"id":166,"date":"2024-09-04T23:52:24","date_gmt":"2024-09-04T23:52:24","guid":{"rendered":"https:\/\/niraakademi.com\/?page_id=166"},"modified":"2024-09-19T11:13:54","modified_gmt":"2024-09-19T11:13:54","slug":"sosyal-medya-danismanligi","status":"publish","type":"page","link":"https:\/\/niraakademi.com\/index.php\/sosyal-medya-danismanligi\/","title":{"rendered":"Sosyal Medya Dan\u0131\u015fmanl\u0131\u011f\u0131"},"content":{"rendered":"\n<figure class=\"wp-block-image size-large\"><img fetchpriority=\"high\" decoding=\"async\" width=\"1024\" height=\"576\" src=\"https:\/\/niraakademi.com\/wp-content\/uploads\/2024\/09\/social-1024x576.png\" alt=\"\" class=\"wp-image-711\" srcset=\"https:\/\/niraakademi.com\/wp-content\/uploads\/2024\/09\/social-1024x576.png 1024w, https:\/\/niraakademi.com\/wp-content\/uploads\/2024\/09\/social-300x169.png 300w, https:\/\/niraakademi.com\/wp-content\/uploads\/2024\/09\/social-768x432.png 768w, https:\/\/niraakademi.com\/wp-content\/uploads\/2024\/09\/social.png 1280w\" sizes=\"(max-width: 1024px) 100vw, 1024px\" \/><\/figure>\n\n\n\n<p><strong>Neden Sosyal Medya Dan\u0131\u015fmanl\u0131\u011f\u0131?<\/strong><\/p>\n\n\n\n<p>G\u00fcn\u00fcm\u00fczde sosyal medya, i\u015fletmelerin m\u00fc\u015fteriyle etkile\u015fim kurma ve marka bilinirli\u011fini art\u0131rma<\/p>\n\n\n\n<p>konusunda en g\u00fc\u00e7l\u00fc ara\u00e7lardan biridir. Ancak, etkili bir sosyal medya stratejisi olu\u015fturmak ve<\/p>\n\n\n\n<p>y\u00fcr\u00fctmek, uzmanl\u0131k ve deneyim gerektirir. Biz, sosyal medya dan\u0131\u015fmanl\u0131\u011f\u0131 ile markan\u0131z\u0131 dijital<\/p>\n\n\n\n<p>d\u00fcnyada \u00f6n plana \u00e7\u0131karmak i\u00e7in buraday\u0131z!<\/p>\n\n\n\n<p>\u201c<strong><em>Markan\u0131z\u0131n sa\u011fl\u0131kl\u0131 b\u00fcy\u00fcmesi i\u00e7in sizlerde profesyonel bir ekiple \u00e7al\u0131\u015fmal\u0131s\u0131n\u0131z.\u201d<\/em><\/strong><\/p>\n\n\n\n<p><strong>Sosyal Medya Dan\u0131\u015fmanl\u0131\u011f\u0131 Nedir?<\/strong><\/p>\n\n\n\n<p>Sosyal medya dan\u0131\u015fmanl\u0131\u011f\u0131, markan\u0131z\u0131n sosyal medya platformlar\u0131nda (Facebook, Instagram, X,<\/p>\n\n\n\n<p>LinkedIn vb.) stratejik bir \u015fekilde varl\u0131k g\u00f6stermesini sa\u011flamak i\u00e7in sundu\u011fumuz kapsaml\u0131<\/p>\n\n\n\n<p>hizmetlerdir. Hedef kitlenizle etkile\u015fim kurmak, i\u00e7erik olu\u015fturmak ve performans\u0131 analiz etmek gibi<\/p>\n\n\n\n<p>bir\u00e7ok unsuru i\u00e7erir. Bu unsurlar\u0131 detayl\u0131 bir analiz sonucu inceler markan\u0131za en uygun reklam<\/p>\n\n\n\n<p>tan\u0131t\u0131m modelleri ile birlikte en uygun b\u00fct\u00e7e ile harakete ge\u00e7iririz.<\/p>\n\n\n\n<p><strong>Hedef Belirleme<\/strong><\/p>\n\n\n\n<p>Her ba\u015far\u0131l\u0131 sosyal medya stratejisinin temeli, net hedefler belirlemektir. Markan\u0131z\u0131n hangi ama\u00e7lara<\/p>\n\n\n\n<p>ula\u015fmak istedi\u011fini (marka bilinirli\u011fi, m\u00fc\u015fteri etkile\u015fimi, sat\u0131\u015f art\u0131rma vb.) belirleyerek, stratejimizi<\/p>\n\n\n\n<p>bu hedefler etraf\u0131nda \u015fekillendiriyoruz. Bunun i\u00e7in uzman ekibimiz sizlerle \u00f6ncesinde istek ve<\/p>\n\n\n\n<p>talepleriniz, hedefleriniz do\u011frultusunda g\u00f6r\u00fc\u015fme sa\u011flamaktad\u0131r. Ortak ak\u0131l ve profesyonel yakla\u015f\u0131m<\/p>\n\n\n\n<p>ile sizin i\u00e7in en verimli sonuca ula\u015f\u0131yoruz.<\/p>\n\n\n\n<p><strong>Hedef Kitle Analizi<\/strong><\/p>\n\n\n\n<p>Hedef kitlenizi anlamak, etkili bir sosyal medya stratejisi olu\u015fturman\u0131n en \u00f6nemli ad\u0131mlar\u0131ndan<\/p>\n\n\n\n<p>biridir. Demografik veriler, ilgi alanlar\u0131 ve \u00e7evrimi\u00e7i davran\u0131\u015flar\u0131 analiz ederek, i\u00e7eriklerinizi ve<\/p>\n\n\n\n<p>kampanyalar\u0131n\u0131z\u0131 en do\u011fru kitleye ula\u015ft\u0131r\u0131yoruz.<\/p>\n\n\n\n<p><strong>\u0130\u00e7erik Stratejisi<\/strong><\/p>\n\n\n\n<p>Etkili bir i\u00e7erik stratejisi, sosyal medya ba\u015far\u0131s\u0131n\u0131n anahtar\u0131d\u0131r. G\u00f6rsel, video ve yaz\u0131l\u0131 i\u00e7erikler ile<\/p>\n\n\n\n<p>kullan\u0131c\u0131lar\u0131n dikkatini \u00e7ekecek \u00f6zg\u00fcn ve yarat\u0131c\u0131 i\u00e7erikler \u00fcretiyoruz. Markan\u0131z\u0131n sesini ve<\/p>\n\n\n\n<p>kimli\u011fini yans\u0131tan i\u00e7erikler olu\u015fturmak, etkile\u015fimi art\u0131rman\u0131n en iyi yoludur. Bu sebeple en verimli<\/p>\n\n\n\n<p>olacak ve ger\u00e7ekte ula\u015f\u0131lmak istenen hedef kitlenizi belirliyoruz.<\/p>\n\n\n\n<p><strong>Reklam Y\u00f6netimi<\/strong><\/p>\n\n\n\n<p>Sosyal medya reklamlar\u0131, geni\u015f bir kitleye ula\u015fman\u0131n en etkili yollar\u0131ndan biridir. Reklam b\u00fct\u00e7enizi<\/p>\n\n\n\n<p>en verimli \u015fekilde kullanarak, hedef kitlenize \u00f6zel kampanyalar olu\u015fturuyor ve sonu\u00e7lar\u0131 s\u00fcrekli<\/p>\n\n\n\n<p>izliyoruz. ROI (Yat\u0131r\u0131m Getirisi) analizleri ile hangi kampanyalar\u0131n en iyi sonu\u00e7lar\u0131 verdi\u011fini<\/p>\n\n\n\n<p>belirliyoruz. Bu sonu\u00e7lar\u0131 ise belirlenen periyodik zamanlarda rapor olarak sizlerle payla\u015f\u0131yoruz ve<\/p>\n\n\n\n<p>ba\u015far\u0131lar\u0131m\u0131z birlikte payla\u015f\u0131yoruz.<\/p>\n\n\n\n<p><strong>S\u00fcrekli \u0130zleme ve Analiz<\/strong><\/p>\n\n\n\n<p>Sosyal medya d\u00fcnyas\u0131 s\u00fcrekli de\u011fi\u015fiyor. Bu nedenle, kampanyalar\u0131n\u0131z\u0131 s\u00fcrekli izlemek ve optimize<\/p>\n\n\n\n<p>etmek kritik \u00f6nem ta\u015f\u0131r. Performans verilerini analiz ederek, stratejinizi gerekti\u011finde g\u00fcncelleyip<\/p>\n\n\n\n<p>geli\u015ftiriyoruz. Ba\u015far\u0131, s\u00fcrekli bir geli\u015fim s\u00fcrecidir. Bu y\u00fczden sadece markan\u0131z\u0131 takip etmekle<\/p>\n\n\n\n<p>kalm\u0131yor markan\u0131z\u0131 markam\u0131z gibi sahiplenerek hareket ediyoruz.<\/p>\n\n\n\n<p><strong>Raporlama ve Geri Bildirim<\/strong><\/p>\n\n\n\n<p>Kampanyalar\u0131n\u0131z\u0131n ba\u015far\u0131s\u0131n\u0131 \u00f6l\u00e7mek i\u00e7in d\u00fczenli raporlamalar yap\u0131yoruz. Elde edilen veriler<\/p>\n\n\n\n<p>sayesinde, neyin i\u015fe yarad\u0131\u011f\u0131n\u0131 ve hangi alanlarda geli\u015fim sa\u011flanabilece\u011fini belirliyoruz. M\u00fc\u015fteri<\/p>\n\n\n\n<p>memnuniyetini art\u0131rmak i\u00e7in s\u00fcrekli geri bildirim al\u0131yor ve buna g\u00f6re hareket ediyoruz. Bunuda<\/p>\n\n\n\n<p>sizlerle payla\u015f\u0131yoruz ki burada ki payla\u015f\u0131mlarda fark\u0131m\u0131z ortaya \u00e7\u0131k\u0131yor.<\/p>\n\n\n\n<h2 class=\"wp-block-heading\"><strong>Neden Biz?<\/strong><\/h2>\n\n\n\n<p><strong>1. Uzman Ekip<\/strong><\/p>\n\n\n\n<p>Bizimle \u00e7al\u0131\u015farak, alan\u0131nda uzman bir ekipten destek al\u0131rs\u0131n\u0131z. Dijital pazarlama, SEM ve SEO,<\/p>\n\n\n\n<p>sosyal medya, web tasar\u0131m (UX, UI), i\u00e7erik pazarlama konularda derinlemesine bilgi ve deneyime<\/p>\n\n\n\n<p>sahip profesyonellerle \u00e7al\u0131\u015farak, en g\u00fcncel stratejileri uygulama \u015fans\u0131na sahip olursunuz. Ekibimiz,<\/p>\n\n\n\n<p>s\u00fcrekli e\u011fitim ve sekt\u00f6rdeki yeniliklerle kendini g\u00fcncel tutar.<\/p>\n\n\n\n<p><strong>2. \u00d6zelle\u015ftirilmi\u015f Stratejiler<\/strong><\/p>\n\n\n\n<p>Her i\u015fletmenin kendine \u00f6zg\u00fc hedefleri, hedef kitleleri ve b\u00fct\u00e7eleri vard\u0131r. Biz, sizin ihtiya\u00e7lar\u0131n\u0131za<\/p>\n\n\n\n<p>ve hedeflerinize g\u00f6re \u00f6zelle\u015ftirilmi\u015f \u00e7\u00f6z\u00fcmleri sunarak, en etkili sonu\u00e7lar\u0131 elde etmenizi sa\u011flar\u0131z.<\/p>\n\n\n\n<p>\u0130\u015fletmenizin benzersiz dinamiklerini anlayarak, size en uygun stratejiyi geli\u015ftiriyoruz.<\/p>\n\n\n\n<p><strong>3. Sonu\u00e7 Odakl\u0131 Yakla\u015f\u0131m<\/strong><\/p>\n\n\n\n<p>Bizim i\u00e7in ba\u015far\u0131, yaln\u0131zca g\u00f6r\u00fcn\u00fcrl\u00fck de\u011fil, ayn\u0131 zamanda \u00f6l\u00e7\u00fclebilir sonu\u00e7larla ilgilidir.<\/p>\n\n\n\n<p>Hedeflerinize ula\u015fman\u0131z\u0131 sa\u011flamak i\u00e7in veriye dayal\u0131 kararlar al\u0131yor ve s\u00fcrekli olarak<\/p>\n\n\n\n<p>kampanyalar\u0131n\u0131z\u0131 optimize ediyoruz. Performans metriklerinizi dikkatlice izleyerek, neyin i\u015fe<\/p>\n\n\n\n<p>yarad\u0131\u011f\u0131n\u0131 ve hangi alanlarda geli\u015fim sa\u011flanabilece\u011fini belirliyoruz.<\/p>\n\n\n\n<p><strong>4. \u015eeffaf \u0130leti\u015fim<\/strong><\/p>\n\n\n\n<p>Sizinle s\u00fcrekli ileti\u015fim halinde kalarak, s\u00fcrecin her a\u015famas\u0131nda bilgi payla\u015f\u0131m\u0131 yap\u0131yoruz.<\/p>\n\n\n\n<p>Raporlamalar\u0131m\u0131z sayesinde, kampanyalar\u0131n\u0131z\u0131n durumu ve elde edilen sonu\u00e7lar hakk\u0131nda her<\/p>\n\n\n\n<p>zaman g\u00fcncel bilgilere sahip olursunuz. Bizimle i\u015fbirli\u011fi yaparak, her ad\u0131mda ne yapt\u0131\u011f\u0131m\u0131z\u0131<\/p>\n\n\n\n<p>g\u00f6rebilirsiniz.<\/p>\n\n\n\n<p><strong>5. Y\u00fcksek ROI (Yat\u0131r\u0131m Getirisi)<\/strong>Verimlili\u011fi \u00f6n planda tutarak, b\u00fct\u00e7enizi en iyi \u015fekilde kullanman\u0131za yard\u0131mc\u0131 oluruz. Hedeflerinize<\/p>\n\n\n\n<p>uygun teklif stratejileri ile minimum maliyetle maksimum geri d\u00f6n\u00fc\u015f alman\u0131z\u0131 sa\u011flamak i\u00e7in<\/p>\n\n\n\n<p>\u00e7al\u0131\u015f\u0131yoruz. Her ad\u0131mda yat\u0131r\u0131m getirinizi art\u0131rmay\u0131 hedefliyoruz.<\/p>\n\n\n\n<p><strong>6. Yenilik\u00e7i Teknolojiler<\/strong><\/p>\n\n\n\n<p>Sekt\u00f6rdeki en son yenilikleri takip ederek, en etkili ara\u00e7lar\u0131 ve teknolojileri kullan\u0131yoruz. Geli\u015fmi\u015f<\/p>\n\n\n\n<p>analiz yaz\u0131l\u0131mlar\u0131, otomasyon ara\u00e7lar\u0131 ve veri analiz teknikleri ile kampanyalar\u0131n\u0131z\u0131 g\u00fc\u00e7lendiriyoruz.<\/p>\n\n\n\n<p>Yenilik\u00e7i \u00e7\u00f6z\u00fcmlerle rakiplerinizin bir ad\u0131m \u00f6n\u00fcnde olman\u0131z\u0131 sa\u011fl\u0131yoruz.<\/p>\n\n\n\n<p><strong>7. M\u00fc\u015fteri Memnuniyeti<\/strong><\/p>\n\n\n\n<p>M\u00fc\u015fteri memnuniyeti, bizim i\u00e7in her \u015feyden \u00f6nce gelir. \u0130\u015fbirli\u011fimiz boyunca, beklentilerinizi a\u015fmak<\/p>\n\n\n\n<p>i\u00e7in s\u00fcrekli \u00e7aba g\u00f6steriyoruz. Her ad\u0131mda size de\u011fer katmak ve i\u015f hedeflerinize ula\u015fman\u0131za<\/p>\n\n\n\n<p>yard\u0131mc\u0131 olmak i\u00e7in buraday\u0131z.<\/p>\n\n\n\n<p><\/p>\n","protected":false},"excerpt":{"rendered":"<p>Neden Sosyal Medya Dan\u0131\u015fmanl\u0131\u011f\u0131? G\u00fcn\u00fcm\u00fczde sosyal medya, i\u015fletmelerin m\u00fc\u015fteriyle etkile\u015fim kurma ve marka bilinirli\u011fini art\u0131rma konusunda en g\u00fc\u00e7l\u00fc ara\u00e7lardan biridir. Ancak, etkili bir sosyal medya stratejisi olu\u015fturmak ve y\u00fcr\u00fctmek, uzmanl\u0131k ve deneyim gerektirir. Biz, sosyal medya dan\u0131\u015fmanl\u0131\u011f\u0131 ile markan\u0131z\u0131 dijital d\u00fcnyada \u00f6n plana \u00e7\u0131karmak i\u00e7in buraday\u0131z! \u201cMarkan\u0131z\u0131n sa\u011fl\u0131kl\u0131 b\u00fcy\u00fcmesi i\u00e7in sizlerde profesyonel bir ekiple \u00e7al\u0131\u015fmal\u0131s\u0131n\u0131z.\u201d [&hellip;]<\/p>\n","protected":false},"author":1,"featured_media":0,"parent":0,"menu_order":0,"comment_status":"closed","ping_status":"closed","template":"","meta":{"_themeisle_gutenberg_block_has_review":false,"footnotes":""},"class_list":["post-166","page","type-page","status-publish","hentry"],"_links":{"self":[{"href":"https:\/\/niraakademi.com\/index.php\/wp-json\/wp\/v2\/pages\/166","targetHints":{"allow":["GET"]}}],"collection":[{"href":"https:\/\/niraakademi.com\/index.php\/wp-json\/wp\/v2\/pages"}],"about":[{"href":"https:\/\/niraakademi.com\/index.php\/wp-json\/wp\/v2\/types\/page"}],"author":[{"embeddable":true,"href":"https:\/\/niraakademi.com\/index.php\/wp-json\/wp\/v2\/users\/1"}],"replies":[{"embeddable":true,"href":"https:\/\/niraakademi.com\/index.php\/wp-json\/wp\/v2\/comments?post=166"}],"version-history":[{"count":4,"href":"https:\/\/niraakademi.com\/index.php\/wp-json\/wp\/v2\/pages\/166\/revisions"}],"predecessor-version":[{"id":713,"href":"https:\/\/niraakademi.com\/index.php\/wp-json\/wp\/v2\/pages\/166\/revisions\/713"}],"wp:attachment":[{"href":"https:\/\/niraakademi.com\/index.php\/wp-json\/wp\/v2\/media?parent=166"}],"curies":[{"name":"wp","href":"https:\/\/api.w.org\/{rel}","templated":true}]}}