{"id":165,"date":"2024-09-04T23:52:24","date_gmt":"2024-09-04T23:52:24","guid":{"rendered":"https:\/\/niraakademi.com\/?page_id=165"},"modified":"2024-09-19T11:30:38","modified_gmt":"2024-09-19T11:30:38","slug":"seo","status":"publish","type":"page","link":"https:\/\/niraakademi.com\/index.php\/seo\/","title":{"rendered":"SEO Y\u00f6netimi"},"content":{"rendered":"\n<figure class=\"wp-block-image alignwide size-large\"><img fetchpriority=\"high\" decoding=\"async\" width=\"1024\" height=\"683\" src=\"https:\/\/niraakademi.com\/wp-content\/uploads\/2024\/09\/seo-nedir-1024x683.jpg\" alt=\"\" class=\"wp-image-726\" srcset=\"https:\/\/niraakademi.com\/wp-content\/uploads\/2024\/09\/seo-nedir-1024x683.jpg 1024w, https:\/\/niraakademi.com\/wp-content\/uploads\/2024\/09\/seo-nedir-300x200.jpg 300w, https:\/\/niraakademi.com\/wp-content\/uploads\/2024\/09\/seo-nedir-768x512.jpg 768w, https:\/\/niraakademi.com\/wp-content\/uploads\/2024\/09\/seo-nedir-1536x1024.jpg 1536w, https:\/\/niraakademi.com\/wp-content\/uploads\/2024\/09\/seo-nedir.jpg 1920w\" sizes=\"(max-width: 1024px) 100vw, 1024px\" \/><\/figure>\n\n\n\n<p><strong>Neden SEO?<\/strong><\/p>\n\n\n\n<p>G\u00fcn\u00fcm\u00fczde potansiyel m\u00fc\u015fterilerinizi bulman\u0131n en etkili yollar\u0131ndan biri arama motorlar\u0131d\u0131r.<\/p>\n\n\n\n<p>Ancak, arama sonu\u00e7lar\u0131n\u0131n en \u00fcst s\u0131ralar\u0131nda yer almak i\u00e7in etkili bir SEO (Arama Motoru<\/p>\n\n\n\n<p>Optimizasyonu) stratejisi gereklidir. Biz, SEO y\u00f6netimi ile markan\u0131z\u0131 dijital d\u00fcnyada g\u00f6r\u00fcn\u00fcr<\/p>\n\n\n\n<p>k\u0131lmak i\u00e7in buraday\u0131z!<\/p>\n\n\n\n<p><strong>SEO Y\u00f6netimi Nedir?<\/strong><\/p>\n\n\n\n<p>SEO y\u00f6netimi, web sitenizin arama motorlar\u0131nda daha g\u00f6r\u00fcn\u00fcr hale gelmesini sa\u011flamak i\u00e7in<\/p>\n\n\n\n<p>uygulanan teknikler, stratejiler ve analiz s\u00fcre\u00e7lerini i\u00e7erir. Ama\u00e7, hedef kitlenizin sizi bulmas\u0131n\u0131<\/p>\n\n\n\n<p>kolayla\u015ft\u0131rmak ve web trafi\u011finizi art\u0131rmakt\u0131r.<\/p>\n\n\n\n<p><strong>Hedef Belirleme<\/strong><\/p>\n\n\n\n<p>Her SEO stratejisinin temelinde net hedefler bulunur. Hedeflerinizi belirleyerek, web sitenizin hangi<\/p>\n\n\n\n<p>anahtar kelimelerde daha iyi performans g\u00f6stermesini istedi\u011finizi belirliyoruz. Hedef kitlenizin<\/p>\n\n\n\n<p>arama al\u0131\u015fkanl\u0131klar\u0131n\u0131 anlayarak, stratejimizi bu y\u00f6nde \u015fekillendiriyoruz.<\/p>\n\n\n\n<p><strong>Anahtar Kelime Ara\u015ft\u0131rmas\u0131<\/strong><\/p>\n\n\n\n<p>Ba\u015far\u0131l\u0131 bir SEO stratejisi, do\u011fru anahtar kelimeleri belirlemekle ba\u015flar. Hedef kitlenizin ne<\/p>\n\n\n\n<p>arad\u0131\u011f\u0131n\u0131 anlamak i\u00e7in kapsaml\u0131 bir anahtar kelime ara\u015ft\u0131rmas\u0131 yap\u0131yoruz. Uzun kuyruklu anahtar<\/p>\n\n\n\n<p>kelimelerden rekabet\u00e7i terimlere kadar geni\u015f bir yelpazede analiz yaparak, i\u00e7eri\u011finizi optimize<\/p>\n\n\n\n<p>ediyoruz.<\/p>\n\n\n\n<p><strong>Teknik SEO<\/strong><\/p>\n\n\n\n<p>Web sitenizin arama motorlar\u0131 taraf\u0131ndan daha iyi anla\u015f\u0131labilmesi i\u00e7in teknik optimizasyonlar<\/p>\n\n\n\n<p>yapmak kritik \u00f6nem ta\u015f\u0131r. Site h\u0131z\u0131, mobil uyumluluk, URL yap\u0131s\u0131 ve site haritalar\u0131 gibi teknik<\/p>\n\n\n\n<p>unsurlar\u0131 g\u00f6zden ge\u00e7irerek, arama motorlar\u0131n\u0131n sitenizi kolayca taramas\u0131n\u0131 sa\u011fl\u0131yoruz.<\/p>\n\n\n\n<p><strong>\u0130\u00e7erik Optimizasyonu<\/strong><\/p>\n\n\n\n<p>Kaliteli ve \u00f6zg\u00fcn i\u00e7erikler olu\u015fturmak, SEO&#8217;nun temel ta\u015flar\u0131ndan biridir. \u0130\u00e7eriklerinizi hedef<\/p>\n\n\n\n<p>anahtar kelimelerle optimize ederek, kullan\u0131c\u0131lar\u0131n ilgisini \u00e7eken, de\u011ferli bilgiler sunuyoruz.<\/p>\n\n\n\n<p>D\u00fczenli olarak g\u00fcncellenen ve bilgilendirici i\u00e7erikler, sitenizin otoritesini art\u0131r\u0131r.<\/p>\n\n\n\n<p><strong>Ba\u011flant\u0131 Olu\u015fturma (Link Building)<\/strong><\/p>\n\n\n\n<p>G\u00fc\u00e7l\u00fc bir backlink profili, SEO ba\u015far\u0131n\u0131zda \u00f6nemli bir rol oynar. Di\u011fer kaliteli sitelerden gelen<\/p>\n\n\n\n<p>ba\u011flant\u0131lar, web sitenizin otoritesini art\u0131r\u0131r. Do\u011fru ba\u011flant\u0131 stratejileri ile g\u00fcvenilir ve alakal\u0131<\/p>\n\n\n\n<p>sitelerle i\u015fbirli\u011fi yaparak, link profilinizi g\u00fc\u00e7lendiriyoruz.<\/p>\n\n\n\n<p><strong>Performans \u0130zleme ve Analiz<\/strong>SEO s\u00fcreci s\u00fcrekli bir izleme ve optimizasyon gerektirir. Analiz ara\u00e7lar\u0131 ile web sitenizin<\/p>\n\n\n\n<p>performans\u0131n\u0131 takip ediyor, trafik kaynaklar\u0131n\u0131 ve kullan\u0131c\u0131 davran\u0131\u015flar\u0131n\u0131 analiz ederek stratejinizi<\/p>\n\n\n\n<p>geli\u015ftiriyoruz. Hangi anahtar kelimelerin i\u015fe yarad\u0131\u011f\u0131n\u0131 belirleyerek, SEO \u00e7abalar\u0131n\u0131z\u0131 daha verimli<\/p>\n\n\n\n<p>hale getiriyoruz.<\/p>\n\n\n\n<p><strong>Raporlama ve Geri Bildirim<\/strong><\/p>\n\n\n\n<p>Kampanyalar\u0131n\u0131z\u0131n ba\u015far\u0131s\u0131n\u0131 \u00f6l\u00e7mek i\u00e7in d\u00fczenli raporlamalar yap\u0131yoruz. Elde edilen verileri<\/p>\n\n\n\n<p>detayl\u0131 bir \u015fekilde analiz ederek, geli\u015fim alanlar\u0131n\u0131 belirliyoruz. M\u00fc\u015fteri memnuniyetini art\u0131rmak<\/p>\n\n\n\n<p>i\u00e7in s\u00fcrekli geri bildirim al\u0131yor ve stratejimizi bu do\u011frultuda g\u00fcncelliyoruz.<\/p>\n\n\n\n<p><strong>Neden Biz?<\/strong><\/p>\n\n\n\n<p><strong>1. Uzman Ekip<\/strong><\/p>\n\n\n\n<p>Bizimle \u00e7al\u0131\u015farak, alan\u0131nda uzman bir ekipten destek al\u0131rs\u0131n\u0131z. Dijital pazarlama, SEM ve SEO,<\/p>\n\n\n\n<p>sosyal medya, web tasar\u0131m (UX, UI), i\u00e7erik pazarlama konularda derinlemesine bilgi ve deneyime<\/p>\n\n\n\n<p>sahip profesyonellerle \u00e7al\u0131\u015farak, en g\u00fcncel stratejileri uygulama \u015fans\u0131na sahip olursunuz. Ekibimiz,<\/p>\n\n\n\n<p>s\u00fcrekli e\u011fitim ve sekt\u00f6rdeki yeniliklerle kendini g\u00fcncel tutar.<\/p>\n\n\n\n<p><strong>2. \u00d6zelle\u015ftirilmi\u015f Stratejiler<\/strong><\/p>\n\n\n\n<p>Her i\u015fletmenin kendine \u00f6zg\u00fc hedefleri, hedef kitleleri ve b\u00fct\u00e7eleri vard\u0131r. Biz, sizin ihtiya\u00e7lar\u0131n\u0131za<\/p>\n\n\n\n<p>ve hedeflerinize g\u00f6re \u00f6zelle\u015ftirilmi\u015f \u00e7\u00f6z\u00fcmleri sunarak, en etkili sonu\u00e7lar\u0131 elde etmenizi sa\u011flar\u0131z.<\/p>\n\n\n\n<p>\u0130\u015fletmenizin benzersiz dinamiklerini anlayarak, size en uygun stratejiyi geli\u015ftiriyoruz.<\/p>\n\n\n\n<p><strong>3. Sonu\u00e7 Odakl\u0131 Yakla\u015f\u0131m<\/strong><\/p>\n\n\n\n<p>Bizim i\u00e7in ba\u015far\u0131, yaln\u0131zca g\u00f6r\u00fcn\u00fcrl\u00fck de\u011fil, ayn\u0131 zamanda \u00f6l\u00e7\u00fclebilir sonu\u00e7larla ilgilidir.<\/p>\n\n\n\n<p>Hedeflerinize ula\u015fman\u0131z\u0131 sa\u011flamak i\u00e7in veriye dayal\u0131 kararlar al\u0131yor ve s\u00fcrekli olarak<\/p>\n\n\n\n<p>kampanyalar\u0131n\u0131z\u0131 optimize ediyoruz. Performans metriklerinizi dikkatlice izleyerek, neyin i\u015fe<\/p>\n\n\n\n<p>yarad\u0131\u011f\u0131n\u0131 ve hangi alanlarda geli\u015fim sa\u011flanabilece\u011fini belirliyoruz.<\/p>\n\n\n\n<p><strong>4. \u015eeffaf \u0130leti\u015fim<\/strong><\/p>\n\n\n\n<p>Sizinle s\u00fcrekli ileti\u015fim halinde kalarak, s\u00fcrecin her a\u015famas\u0131nda bilgi payla\u015f\u0131m\u0131 yap\u0131yoruz.<\/p>\n\n\n\n<p>Raporlamalar\u0131m\u0131z sayesinde, kampanyalar\u0131n\u0131z\u0131n durumu ve elde edilen sonu\u00e7lar hakk\u0131nda her<\/p>\n\n\n\n<p>zaman g\u00fcncel bilgilere sahip olursunuz. Bizimle i\u015fbirli\u011fi yaparak, her ad\u0131mda ne yapt\u0131\u011f\u0131m\u0131z\u0131<\/p>\n\n\n\n<p>g\u00f6rebilirsiniz.<\/p>\n\n\n\n<p><strong>5. Y\u00fcksek ROI (Yat\u0131r\u0131m Getirisi)<\/strong><\/p>\n\n\n\n<p>Verimlili\u011fi \u00f6n planda tutarak, b\u00fct\u00e7enizi en iyi \u015fekilde kullanman\u0131za yard\u0131mc\u0131 oluruz. Hedeflerinize<\/p>\n\n\n\n<p>uygun teklif stratejileri ile minimum maliyetle maksimum geri d\u00f6n\u00fc\u015f alman\u0131z\u0131 sa\u011flamak i\u00e7in<\/p>\n\n\n\n<p>\u00e7al\u0131\u015f\u0131yoruz. Her ad\u0131mda yat\u0131r\u0131m getirinizi art\u0131rmay\u0131 hedefliyoruz.<\/p>\n\n\n\n<p><strong>6. Yenilik\u00e7i Teknolojiler<\/strong>Sekt\u00f6rdeki en son yenilikleri takip ederek, en etkili ara\u00e7lar\u0131 ve teknolojileri kullan\u0131yoruz. Geli\u015fmi\u015f<\/p>\n\n\n\n<p>analiz yaz\u0131l\u0131mlar\u0131, otomasyon ara\u00e7lar\u0131 ve veri analiz teknikleri ile kampanyalar\u0131n\u0131z\u0131 g\u00fc\u00e7lendiriyoruz.<\/p>\n\n\n\n<p>Yenilik\u00e7i \u00e7\u00f6z\u00fcmlerle rakiplerinizin bir ad\u0131m \u00f6n\u00fcnde olman\u0131z\u0131 sa\u011fl\u0131yoruz.<\/p>\n\n\n\n<p><strong>7. M\u00fc\u015fteri Memnuniyeti<\/strong><\/p>\n\n\n\n<p>M\u00fc\u015fteri memnuniyeti, bizim i\u00e7in her \u015feyden \u00f6nce gelir. \u0130\u015fbirli\u011fimiz boyunca, beklentilerinizi a\u015fmak<\/p>\n\n\n\n<p>i\u00e7in s\u00fcrekli \u00e7aba g\u00f6steriyoruz. Her ad\u0131mda size de\u011fer katmak ve i\u015f hedeflerinize ula\u015fman\u0131za<\/p>\n\n\n\n<p>yard\u0131mc\u0131 olmak i\u00e7in buraday\u0131z.<\/p>\n\n\n\n<hr class=\"wp-block-separator has-alpha-channel-opacity is-style-wide\"\/>\n\n\n\n<p><\/p>\n","protected":false},"excerpt":{"rendered":"<p>Neden SEO? G\u00fcn\u00fcm\u00fczde potansiyel m\u00fc\u015fterilerinizi bulman\u0131n en etkili yollar\u0131ndan biri arama motorlar\u0131d\u0131r. Ancak, arama sonu\u00e7lar\u0131n\u0131n en \u00fcst s\u0131ralar\u0131nda yer almak i\u00e7in etkili bir SEO (Arama Motoru Optimizasyonu) stratejisi gereklidir. Biz, SEO y\u00f6netimi ile markan\u0131z\u0131 dijital d\u00fcnyada g\u00f6r\u00fcn\u00fcr k\u0131lmak i\u00e7in buraday\u0131z! SEO Y\u00f6netimi Nedir? SEO y\u00f6netimi, web sitenizin arama motorlar\u0131nda daha g\u00f6r\u00fcn\u00fcr hale gelmesini sa\u011flamak i\u00e7in [&hellip;]<\/p>\n","protected":false},"author":1,"featured_media":0,"parent":0,"menu_order":0,"comment_status":"closed","ping_status":"closed","template":"","meta":{"_themeisle_gutenberg_block_has_review":false,"footnotes":""},"class_list":["post-165","page","type-page","status-publish","hentry"],"_links":{"self":[{"href":"https:\/\/niraakademi.com\/index.php\/wp-json\/wp\/v2\/pages\/165","targetHints":{"allow":["GET"]}}],"collection":[{"href":"https:\/\/niraakademi.com\/index.php\/wp-json\/wp\/v2\/pages"}],"about":[{"href":"https:\/\/niraakademi.com\/index.php\/wp-json\/wp\/v2\/types\/page"}],"author":[{"embeddable":true,"href":"https:\/\/niraakademi.com\/index.php\/wp-json\/wp\/v2\/users\/1"}],"replies":[{"embeddable":true,"href":"https:\/\/niraakademi.com\/index.php\/wp-json\/wp\/v2\/comments?post=165"}],"version-history":[{"count":3,"href":"https:\/\/niraakademi.com\/index.php\/wp-json\/wp\/v2\/pages\/165\/revisions"}],"predecessor-version":[{"id":728,"href":"https:\/\/niraakademi.com\/index.php\/wp-json\/wp\/v2\/pages\/165\/revisions\/728"}],"wp:attachment":[{"href":"https:\/\/niraakademi.com\/index.php\/wp-json\/wp\/v2\/media?parent=165"}],"curies":[{"name":"wp","href":"https:\/\/api.w.org\/{rel}","templated":true}]}}