{"id":164,"date":"2024-09-04T23:52:24","date_gmt":"2024-09-04T23:52:24","guid":{"rendered":"https:\/\/niraakademi.com\/?page_id=164"},"modified":"2024-09-19T11:24:30","modified_gmt":"2024-09-19T11:24:30","slug":"web-tasarim","status":"publish","type":"page","link":"https:\/\/niraakademi.com\/index.php\/web-tasarim\/","title":{"rendered":"Web Tasar\u0131m UX \/ UI"},"content":{"rendered":"\n<figure class=\"wp-block-image alignwide size-full\"><img fetchpriority=\"high\" decoding=\"async\" width=\"769\" height=\"445\" src=\"https:\/\/niraakademi.com\/wp-content\/uploads\/2024\/09\/web-content-management-system.png\" alt=\"\" class=\"wp-image-720\" srcset=\"https:\/\/niraakademi.com\/wp-content\/uploads\/2024\/09\/web-content-management-system.png 769w, https:\/\/niraakademi.com\/wp-content\/uploads\/2024\/09\/web-content-management-system-300x174.png 300w\" sizes=\"(max-width: 769px) 100vw, 769px\" \/><\/figure>\n\n\n\n<p><strong>Neden Web Tasar\u0131m\u0131 ve UX\/UI?<\/strong><\/p>\n\n\n\n<p>Dijital d\u00fcnyada etkili bir web tasar\u0131m\u0131, kullan\u0131c\u0131 deneyimini do\u011frudan etkiler. \u0130yi bir tasar\u0131m, sadece<\/p>\n\n\n\n<p>estetik de\u011fil, ayn\u0131 zamanda kullan\u0131c\u0131lar\u0131n web sitenizdeki deneyimlerini de optimize eder.<\/p>\n\n\n\n<p>Kullan\u0131c\u0131lar\u0131n sitenizde daha uzun kalmas\u0131n\u0131 ve d\u00f6n\u00fc\u015f\u00fcm oranlar\u0131n\u0131z\u0131 art\u0131rmas\u0131n\u0131 sa\u011flamak i\u00e7in<\/p>\n\n\n\n<p>do\u011fru yerdesiniz!<\/p>\n\n\n\n<p><strong>Web Tasar\u0131m ve UX\/UI Y\u00f6netimi Nedir?<\/strong><\/p>\n\n\n\n<p>Web tasar\u0131m ve UX\/UI y\u00f6netimi, bir web sitesinin estetik, i\u015flevsellik ve kullan\u0131c\u0131 deneyimini bir<\/p>\n\n\n\n<p>araya getiren stratejik bir s\u00fcre\u00e7tir. UX (Kullan\u0131c\u0131 Deneyimi) ve UI (Kullan\u0131c\u0131 Aray\u00fcz\u00fc) unsurlar\u0131n\u0131<\/p>\n\n\n\n<p>bir araya getirerek, kullan\u0131c\u0131lar\u0131n web sitenizde rahat\u00e7a gezinmesini sa\u011fl\u0131yoruz. Hedefimiz,<\/p>\n\n\n\n<p>ziyaret\u00e7ilerinizi memnun etmek ve markan\u0131za olan ba\u011fl\u0131l\u0131klar\u0131n\u0131 art\u0131rmakt\u0131r.<\/p>\n\n\n\n<p><strong>Hedef Belirleme<\/strong><\/p>\n\n\n\n<p>Her ba\u015far\u0131l\u0131 tasar\u0131m s\u00fcrecinin temeli, net hedefler belirlemektir. Kullan\u0131c\u0131lar\u0131n hangi ama\u00e7larla<\/p>\n\n\n\n<p>sitenizi ziyaret edece\u011fini anlamak, tasar\u0131m\u0131m\u0131z\u0131n temelini olu\u015fturur. Hedef kitlenizin ihtiya\u00e7lar\u0131n\u0131<\/p>\n\n\n\n<p>belirleyerek, deneyimlerini en \u00fcst d\u00fczeye \u00e7\u0131karacak \u00e7\u00f6z\u00fcmler sunuyoruz.<\/p>\n\n\n\n<p><strong>Kullan\u0131c\u0131 Ara\u015ft\u0131rmas\u0131<\/strong><\/p>\n\n\n\n<p>Kullan\u0131c\u0131lar\u0131n\u0131z\u0131 tan\u0131mak, etkili bir tasar\u0131m\u0131n anahtar\u0131d\u0131r. Demografik veriler, kullan\u0131c\u0131 davran\u0131\u015flar\u0131<\/p>\n\n\n\n<p>ve geri bildirimler \u00fczerinden kapsaml\u0131 bir analiz yaparak, hedef kitlenizin beklentilerini anlamaya<\/p>\n\n\n\n<p>\u00e7al\u0131\u015f\u0131yoruz. Bu sayede, tasar\u0131m s\u00fcrecimizi onlar\u0131n ihtiya\u00e7lar\u0131na g\u00f6re \u015fekillendiriyoruz.<\/p>\n\n\n\n<p><strong>Etkili Tasar\u0131m S\u00fcreci<\/strong><\/p>\n\n\n\n<p><strong>1. Wireframe Olu\u015fturma:<\/strong> \u0130lk a\u015famada, web sitenizin yap\u0131s\u0131n\u0131 belirleyen kabataslak<\/p>\n\n\n\n<p>tasar\u0131mlar olu\u015fturuyoruz. Bu, sayfalar\u0131n yerle\u015fimini ve i\u00e7erik ak\u0131\u015f\u0131n\u0131 g\u00f6rselle\u015ftirmemize<\/p>\n\n\n\n<p>yard\u0131mc\u0131 olur.<\/p>\n\n\n\n<p><strong>2. Prototip Geli\u015ftirme:<\/strong> Wireframe \u00fczerinde detayland\u0131r\u0131lm\u0131\u015f tasar\u0131m unsurlar\u0131n\u0131 bir araya<\/p>\n\n\n\n<p>getirerek, i\u015flevselli\u011fi test etmeye olanak tan\u0131yan interaktif prototipler olu\u015fturuyoruz.<\/p>\n\n\n\n<p><strong>3. UI Tasar\u0131m\u0131:<\/strong> Kullan\u0131c\u0131 aray\u00fcz\u00fc tasar\u0131m\u0131, renk paleti, tipografi ve g\u00f6rsellerin se\u00e7ilmesi ile<\/p>\n\n\n\n<p>ba\u015flar. Amac\u0131m\u0131z, kullan\u0131c\u0131lar\u0131n ilgisini \u00e7ekecek ve markan\u0131z\u0131n kimli\u011fini yans\u0131tan estetik bir<\/p>\n\n\n\n<p>tasar\u0131m olu\u015fturmakt\u0131r.<\/p>\n\n\n\n<p><strong>Kullan\u0131c\u0131 Deneyimi Testleri<\/strong><\/p>\n\n\n\n<p>Tasar\u0131m s\u00fcrecinin \u00f6nemli bir par\u00e7as\u0131, kullan\u0131c\u0131 deneyimi testleridir. Ger\u00e7ek kullan\u0131c\u0131larla yap\u0131lan<\/p>\n\n\n\n<p>testler sayesinde, tasar\u0131m\u0131n kullan\u0131c\u0131lar \u00fczerindeki etkisini \u00f6l\u00e7\u00fcyor ve olas\u0131 sorunlar\u0131 tespit ediyoruz.<\/p>\n\n\n\n<p>Bu geri bildirimler, tasar\u0131m\u0131m\u0131z\u0131 s\u00fcrekli geli\u015ftirmemize olanak tan\u0131r.<\/p>\n\n\n\n<p><strong>S\u00fcrekli \u0130zleme ve Optimizasyon<\/strong><\/p>\n\n\n\n<p>Web tasar\u0131m\u0131 bir kez yap\u0131l\u0131p b\u0131rak\u0131lacak bir s\u00fcre\u00e7 de\u011fildir. Kullan\u0131c\u0131 davran\u0131\u015flar\u0131n\u0131 ve geri<\/p>\n\n\n\n<p>bildirimleri s\u00fcrekli izleyerek, web sitenizi g\u00fcncel ve kullan\u0131c\u0131 dostu tutmak i\u00e7in d\u00fczenli<\/p>\n\n\n\n<p>optimizasyonlar yap\u0131yoruz. Kullan\u0131c\u0131 deneyimini her zaman \u00f6n planda tutarak, d\u00f6n\u00fc\u015f\u00fcm<\/p>\n\n\n\n<p>oranlar\u0131n\u0131z\u0131 art\u0131rmay\u0131 hedefliyoruz.<\/p>\n\n\n\n<h2 class=\"wp-block-heading\"><strong>Neden Biz?<\/strong><\/h2>\n\n\n\n<p><strong>1. Uzman Ekip<\/strong><\/p>\n\n\n\n<p>Bizimle \u00e7al\u0131\u015farak, alan\u0131nda uzman bir ekipten destek al\u0131rs\u0131n\u0131z. Dijital pazarlama, SEM ve SEO,<\/p>\n\n\n\n<p>sosyal medya, web tasar\u0131m (UX, UI), i\u00e7erik pazarlama konularda derinlemesine bilgi ve deneyime<\/p>\n\n\n\n<p>sahip profesyonellerle \u00e7al\u0131\u015farak, en g\u00fcncel stratejileri uygulama \u015fans\u0131na sahip olursunuz. Ekibimiz,<\/p>\n\n\n\n<p>s\u00fcrekli e\u011fitim ve sekt\u00f6rdeki yeniliklerle kendini g\u00fcncel tutar.<\/p>\n\n\n\n<p><strong>2. \u00d6zelle\u015ftirilmi\u015f Stratejiler<\/strong><\/p>\n\n\n\n<p>Her i\u015fletmenin kendine \u00f6zg\u00fc hedefleri, hedef kitleleri ve b\u00fct\u00e7eleri vard\u0131r. Biz, sizin ihtiya\u00e7lar\u0131n\u0131za<\/p>\n\n\n\n<p>ve hedeflerinize g\u00f6re \u00f6zelle\u015ftirilmi\u015f \u00e7\u00f6z\u00fcmleri sunarak, en etkili sonu\u00e7lar\u0131 elde etmenizi sa\u011flar\u0131z.<\/p>\n\n\n\n<p>\u0130\u015fletmenizin benzersiz dinamiklerini anlayarak, size en uygun stratejiyi geli\u015ftiriyoruz.<\/p>\n\n\n\n<p><strong>3. Sonu\u00e7 Odakl\u0131 Yakla\u015f\u0131m<\/strong><\/p>\n\n\n\n<p>Bizim i\u00e7in ba\u015far\u0131, yaln\u0131zca g\u00f6r\u00fcn\u00fcrl\u00fck de\u011fil, ayn\u0131 zamanda \u00f6l\u00e7\u00fclebilir sonu\u00e7larla ilgilidir.<\/p>\n\n\n\n<p>Hedeflerinize ula\u015fman\u0131z\u0131 sa\u011flamak i\u00e7in veriye dayal\u0131 kararlar al\u0131yor ve s\u00fcrekli olarak<\/p>\n\n\n\n<p>kampanyalar\u0131n\u0131z\u0131 optimize ediyoruz. Performans metriklerinizi dikkatlice izleyerek, neyin i\u015fe<\/p>\n\n\n\n<p>yarad\u0131\u011f\u0131n\u0131 ve hangi alanlarda geli\u015fim sa\u011flanabilece\u011fini belirliyoruz.<\/p>\n\n\n\n<p><strong>4. \u015eeffaf \u0130leti\u015fim<\/strong><\/p>\n\n\n\n<p>Sizinle s\u00fcrekli ileti\u015fim halinde kalarak, s\u00fcrecin her a\u015famas\u0131nda bilgi payla\u015f\u0131m\u0131 yap\u0131yoruz.<\/p>\n\n\n\n<p>Raporlamalar\u0131m\u0131z sayesinde, kampanyalar\u0131n\u0131z\u0131n durumu ve elde edilen sonu\u00e7lar hakk\u0131nda her<\/p>\n\n\n\n<p>zaman g\u00fcncel bilgilere sahip olursunuz. Bizimle i\u015fbirli\u011fi yaparak, her ad\u0131mda ne yapt\u0131\u011f\u0131m\u0131z\u0131<\/p>\n\n\n\n<p>g\u00f6rebilirsiniz.<\/p>\n\n\n\n<p><strong>5. Y\u00fcksek ROI (Yat\u0131r\u0131m Getirisi)<\/strong><\/p>\n\n\n\n<p>Verimlili\u011fi \u00f6n planda tutarak, b\u00fct\u00e7enizi en iyi \u015fekilde kullanman\u0131za yard\u0131mc\u0131 oluruz. Hedeflerinize<\/p>\n\n\n\n<p>uygun teklif stratejileri ile minimum maliyetle maksimum geri d\u00f6n\u00fc\u015f alman\u0131z\u0131 sa\u011flamak i\u00e7in<\/p>\n\n\n\n<p>\u00e7al\u0131\u015f\u0131yoruz. Her ad\u0131mda yat\u0131r\u0131m getirinizi art\u0131rmay\u0131 hedefliyoruz.<\/p>\n\n\n\n<p><strong>6. Yenilik\u00e7i Teknolojiler<\/strong><\/p>\n\n\n\n<p>Sekt\u00f6rdeki en son yenilikleri takip ederek, en etkili ara\u00e7lar\u0131 ve teknolojileri kullan\u0131yoruz. Geli\u015fmi\u015f<\/p>\n\n\n\n<p>analiz yaz\u0131l\u0131mlar\u0131, otomasyon ara\u00e7lar\u0131 ve veri analiz teknikleri ile kampanyalar\u0131n\u0131z\u0131 g\u00fc\u00e7lendiriyoruz.<\/p>\n\n\n\n<p>Yenilik\u00e7i \u00e7\u00f6z\u00fcmlerle rakiplerinizin bir ad\u0131m \u00f6n\u00fcnde olman\u0131z\u0131 sa\u011fl\u0131yoruz.<\/p>\n\n\n\n<p><strong>7. M\u00fc\u015fteri Memnuniyeti<\/strong>M\u00fc\u015fteri memnuniyeti, bizim i\u00e7in her \u015feyden \u00f6nce gelir. \u0130\u015fbirli\u011fimiz boyunca, beklentilerinizi a\u015fmak<\/p>\n\n\n\n<p>i\u00e7in s\u00fcrekli \u00e7aba g\u00f6steriyoruz. Her ad\u0131mda size de\u011fer katmak ve i\u015f hedeflerinize ula\u015fman\u0131za<\/p>\n\n\n\n<p>yard\u0131mc\u0131 olmak i\u00e7in buraday\u0131z.<\/p>\n\n\n\n<p class=\"has-text-align-center\"><strong><em>MARKANIZI PROFESYONELERE TESL\u0130M ED\u0130N!<\/em><\/strong><\/p>\n\n\n\n<p><\/p>\n","protected":false},"excerpt":{"rendered":"<p>Neden Web Tasar\u0131m\u0131 ve UX\/UI? Dijital d\u00fcnyada etkili bir web tasar\u0131m\u0131, kullan\u0131c\u0131 deneyimini do\u011frudan etkiler. \u0130yi bir tasar\u0131m, sadece estetik de\u011fil, ayn\u0131 zamanda kullan\u0131c\u0131lar\u0131n web sitenizdeki deneyimlerini de optimize eder. Kullan\u0131c\u0131lar\u0131n sitenizde daha uzun kalmas\u0131n\u0131 ve d\u00f6n\u00fc\u015f\u00fcm oranlar\u0131n\u0131z\u0131 art\u0131rmas\u0131n\u0131 sa\u011flamak i\u00e7in do\u011fru yerdesiniz! Web Tasar\u0131m ve UX\/UI Y\u00f6netimi Nedir? Web tasar\u0131m ve UX\/UI y\u00f6netimi, bir [&hellip;]<\/p>\n","protected":false},"author":1,"featured_media":0,"parent":0,"menu_order":0,"comment_status":"closed","ping_status":"closed","template":"","meta":{"_themeisle_gutenberg_block_has_review":false,"footnotes":""},"class_list":["post-164","page","type-page","status-publish","hentry"],"_links":{"self":[{"href":"https:\/\/niraakademi.com\/index.php\/wp-json\/wp\/v2\/pages\/164","targetHints":{"allow":["GET"]}}],"collection":[{"href":"https:\/\/niraakademi.com\/index.php\/wp-json\/wp\/v2\/pages"}],"about":[{"href":"https:\/\/niraakademi.com\/index.php\/wp-json\/wp\/v2\/types\/page"}],"author":[{"embeddable":true,"href":"https:\/\/niraakademi.com\/index.php\/wp-json\/wp\/v2\/users\/1"}],"replies":[{"embeddable":true,"href":"https:\/\/niraakademi.com\/index.php\/wp-json\/wp\/v2\/comments?post=164"}],"version-history":[{"count":3,"href":"https:\/\/niraakademi.com\/index.php\/wp-json\/wp\/v2\/pages\/164\/revisions"}],"predecessor-version":[{"id":721,"href":"https:\/\/niraakademi.com\/index.php\/wp-json\/wp\/v2\/pages\/164\/revisions\/721"}],"wp:attachment":[{"href":"https:\/\/niraakademi.com\/index.php\/wp-json\/wp\/v2\/media?parent=164"}],"curies":[{"name":"wp","href":"https:\/\/api.w.org\/{rel}","templated":true}]}}