{"id":162,"date":"2024-09-04T23:52:24","date_gmt":"2024-09-04T23:52:24","guid":{"rendered":"https:\/\/niraakademi.com\/?page_id=162"},"modified":"2024-09-19T11:33:09","modified_gmt":"2024-09-19T11:33:09","slug":"icerik-pazarlama","status":"publish","type":"page","link":"https:\/\/niraakademi.com\/index.php\/icerik-pazarlama\/","title":{"rendered":"\u0130\u00e7erik ve Mobil Pazarlama Y\u00f6netimi"},"content":{"rendered":"\n<figure class=\"wp-block-image alignwide size-large\"><img fetchpriority=\"high\" decoding=\"async\" width=\"1024\" height=\"717\" src=\"https:\/\/niraakademi.com\/wp-content\/uploads\/2024\/09\/icerik-pazarlama-nedir-1024x717.jpg\" alt=\"\" class=\"wp-image-730\" srcset=\"https:\/\/niraakademi.com\/wp-content\/uploads\/2024\/09\/icerik-pazarlama-nedir-1024x717.jpg 1024w, https:\/\/niraakademi.com\/wp-content\/uploads\/2024\/09\/icerik-pazarlama-nedir-300x210.jpg 300w, https:\/\/niraakademi.com\/wp-content\/uploads\/2024\/09\/icerik-pazarlama-nedir-768x538.jpg 768w, https:\/\/niraakademi.com\/wp-content\/uploads\/2024\/09\/icerik-pazarlama-nedir.jpg 1407w\" sizes=\"(max-width: 1024px) 100vw, 1024px\" \/><\/figure>\n\n\n\n<p><strong>\u0130\u00e7erik ve Mobil Pazarlama Y\u00f6netimi<\/strong><\/p>\n\n\n\n<p>Ziyaret\u00e7ilerinizi sitenizde ve di\u011fer platform sayfalar\u0131n\u0131zda tutmak, onlara de\u011ferli bilgiler sunmak<\/p>\n\n\n\n<p>ve nihayetinde m\u00fc\u015fteriye d\u00f6n\u00fc\u015ft\u00fcrmek i\u00e7in etkili bir i\u00e7erik ve mobil pazarlama stratejisi<\/p>\n\n\n\n<p>geli\u015ftirmelisiniz.<\/p>\n\n\n\n<p><strong>Neden \u0130\u00e7erik ve Mobil Pazarlama?<\/strong><\/p>\n\n\n\n<p>Dijital d\u00fcnyada ba\u015far\u0131l\u0131 olmak i\u00e7in etkili bir i\u00e7erik stratejisi ve mobil pazarlama plan\u0131 gereklidir.<\/p>\n\n\n\n<p>Kullan\u0131c\u0131lar\u0131n s\u00fcrekli mobil cihazlar \u00fczerinden i\u00e7erik t\u00fcketti\u011fi bu d\u00f6nemde, do\u011fru stratejilerle hedef<\/p>\n\n\n\n<p>kitlenize ula\u015fmak ve onlarla etkile\u015fim kurmak hi\u00e7 bu kadar \u00f6nemli olmam\u0131\u015ft\u0131!<\/p>\n\n\n\n<p><strong>\u0130\u00e7erik ve Mobil Pazarlama Y\u00f6netimi Nedir?<\/strong><\/p>\n\n\n\n<p>\u0130\u00e7erik ve mobil pazarlama y\u00f6netimi, markan\u0131z\u0131n hedef kitlesine ula\u015fmak i\u00e7in i\u00e7erik olu\u015fturma,<\/p>\n\n\n\n<p>da\u011f\u0131tma ve mobil platformlar \u00fczerinden etkili pazarlama stratejileri geli\u015ftirme s\u00fcrecidir. Amac\u0131m\u0131z,<\/p>\n\n\n\n<p>de\u011ferli ve ilgi \u00e7ekici i\u00e7erikler \u00fcreterek kullan\u0131c\u0131lar\u0131n dikkatini \u00e7ekmek ve onlar\u0131 etkilemektir.<\/p>\n\n\n\n<p><strong>Hedef Belirleme<\/strong><\/p>\n\n\n\n<p>Ba\u015far\u0131l\u0131 bir i\u00e7erik ve mobil pazarlama stratejisi, net hedeflerle ba\u015flar. Hedef kitlenizi ve pazarlama<\/p>\n\n\n\n<p>amac\u0131n\u0131z\u0131 belirleyerek, stratejimizi buna g\u00f6re \u015fekillendiriyoruz. \u0130ster marka bilinirli\u011fini art\u0131rmak,<\/p>\n\n\n\n<p>ister sat\u0131\u015flar\u0131 y\u00fckseltmek olsun, hedeflerinizi ger\u00e7ekle\u015ftirmek i\u00e7in \u00e7al\u0131\u015f\u0131yoruz.<\/p>\n\n\n\n<p><strong>Hedef Kitle Analizi<\/strong><\/p>\n\n\n\n<p>Hedef kitlenizi tan\u0131mak, i\u00e7erik ve mobil pazarlama stratejinizin kalbidir. Demografik bilgiler, ilgi<\/p>\n\n\n\n<p>alanlar\u0131 ve davran\u0131\u015flar \u00fczerinden detayl\u0131 bir analiz yaparak, hangi i\u00e7erik t\u00fcrlerinin en etkili<\/p>\n\n\n\n<p>oldu\u011funu belirliyoruz. Bu sayede, do\u011fru mesaj\u0131 do\u011fru kitleye ula\u015ft\u0131rabiliyoruz.<\/p>\n\n\n\n<p><strong>\u0130\u00e7erik Stratejisi<\/strong><\/p>\n\n\n\n<p><strong>1. \u0130\u00e7erik Olu\u015fturma:<\/strong> Blog yaz\u0131lar\u0131, videolar, infografikler ve sosyal medya payla\u015f\u0131mlar\u0131 gibi<\/p>\n\n\n\n<p>\u00e7e\u015fitli formatlarda \u00f6zg\u00fcn ve ilgi \u00e7ekici i\u00e7erikler \u00fcretiyoruz. Amac\u0131m\u0131z, kullan\u0131c\u0131lar i\u00e7in<\/p>\n\n\n\n<p>de\u011fer yaratmak ve onlar\u0131 markan\u0131za \u00e7ekmektir.<\/p>\n\n\n\n<p><strong>2. \u0130\u00e7erik Da\u011f\u0131t\u0131m\u0131:<\/strong> \u00dcretti\u011fimiz i\u00e7erikleri, hedef kitlenizin en \u00e7ok kulland\u0131\u011f\u0131 platformlarda<\/p>\n\n\n\n<p>(sosyal medya, e-posta, web siteleri vb.) etkili bir \u015fekilde da\u011f\u0131t\u0131yoruz. Do\u011fru kanallar<\/p>\n\n\n\n<p>\u00fczerinden do\u011fru zamanda payla\u015f\u0131m yaparak, etkile\u015fimi art\u0131r\u0131yoruz.<\/p>\n\n\n\n<p><strong>Mobil Pazarlama Stratejileri<\/strong><\/p>\n\n\n\n<p>Mobil pazarlama, kullan\u0131c\u0131lar\u0131n mobil cihazlar \u00fczerinden etkile\u015fim kurmas\u0131n\u0131 sa\u011flamak i\u00e7in \u00f6zel<\/p>\n\n\n\n<p>stratejiler geli\u015ftirmeyi i\u00e7erir. <\/p>\n\n\n\n<p>Bu s\u00fcre\u00e7te:<\/p>\n\n\n\n<p><strong>\u2022 Mobil Uyumlu \u0130\u00e7erikler:<\/strong> T\u00fcm i\u00e7eriklerinizi mobil cihazlarda da sorunsuz<\/p>\n\n\n\n<p>g\u00f6r\u00fcnt\u00fclenebilecek \u015fekilde optimize ediyoruz. Mobil kullan\u0131c\u0131 deneyimi her zaman<\/p>\n\n\n\n<p>\u00f6nceli\u011fimizdir.<\/p>\n\n\n\n<p><strong>\u2022 SMS ve Push Bildirimleri:<\/strong> M\u00fc\u015fterilerinize do\u011frudan ula\u015fmak i\u00e7in SMS kampanyalar\u0131 ve<\/p>\n\n\n\n<p>mobil uygulama \u00fczerinden push bildirimleri kullanarak, onlar\u0131 bilgilendiriyoruz.<\/p>\n\n\n\n<p><strong>\u2022 Sosyal Medya Reklamlar\u0131:<\/strong> Mobil platformlarda etkili sosyal medya reklamlar\u0131 olu\u015fturarak,<\/p>\n\n\n\n<p>hedef kitlenize ula\u015fman\u0131n en h\u0131zl\u0131 yollar\u0131ndan birini sunuyoruz.<\/p>\n\n\n\n<p><strong>Performans \u0130zleme ve Analiz<\/strong><\/p>\n\n\n\n<p>\u0130\u00e7erik ve mobil pazarlama stratejinizin etkinli\u011fini s\u00fcrekli izlemek ve analiz etmek \u00f6nemlidir.<\/p>\n\n\n\n<p>Performans metriklerini takip ederek, hangi i\u00e7eriklerin ve kampanyalar\u0131n en iyi sonu\u00e7lar\u0131 verdi\u011fini<\/p>\n\n\n\n<p>belirliyoruz. Bu verilerle stratejimizi s\u00fcrekli olarak optimize ediyoruz.<\/p>\n\n\n\n<p><strong>Raporlama ve Geri Bildirim<\/strong><\/p>\n\n\n\n<p>D\u00fczenli raporlamalar ile kampanyalar\u0131n\u0131z\u0131n ba\u015far\u0131s\u0131n\u0131 \u00f6l\u00e7\u00fcyoruz. Elde edilen veriler sayesinde,<\/p>\n\n\n\n<p>nelerin i\u015fe yarad\u0131\u011f\u0131n\u0131 ve hangi alanlarda iyile\u015ftirmeler yapabilece\u011fimizi belirliyoruz. M\u00fc\u015fteri<\/p>\n\n\n\n<p>memnuniyetini art\u0131rmak i\u00e7in s\u00fcrekli geri bildirim al\u0131yoruz.<\/p>\n\n\n\n<h2 class=\"wp-block-heading\"><strong>Neden Biz?<\/strong><\/h2>\n\n\n\n<p><strong>1. Uzman Ekip<\/strong><\/p>\n\n\n\n<p>Bizimle \u00e7al\u0131\u015farak, alan\u0131nda uzman bir ekipten destek al\u0131rs\u0131n\u0131z. Dijital pazarlama, SEM ve SEO,<\/p>\n\n\n\n<p>sosyal medya, web tasar\u0131m (UX, UI), i\u00e7erik pazarlama konularda derinlemesine bilgi ve deneyime<\/p>\n\n\n\n<p>sahip profesyonellerle \u00e7al\u0131\u015farak, en g\u00fcncel stratejileri uygulama \u015fans\u0131na sahip olursunuz. Ekibimiz,<\/p>\n\n\n\n<p>s\u00fcrekli e\u011fitim ve sekt\u00f6rdeki yeniliklerle kendini g\u00fcncel tutar.<\/p>\n\n\n\n<p><strong>2. \u00d6zelle\u015ftirilmi\u015f Stratejiler<\/strong><\/p>\n\n\n\n<p>Her i\u015fletmenin kendine \u00f6zg\u00fc hedefleri, hedef kitleleri ve b\u00fct\u00e7eleri vard\u0131r. Biz, sizin ihtiya\u00e7lar\u0131n\u0131za<\/p>\n\n\n\n<p>ve hedeflerinize g\u00f6re \u00f6zelle\u015ftirilmi\u015f \u00e7\u00f6z\u00fcmleri sunarak, en etkili sonu\u00e7lar\u0131 elde etmenizi sa\u011flar\u0131z.<\/p>\n\n\n\n<p>\u0130\u015fletmenizin benzersiz dinamiklerini anlayarak, size en uygun stratejiyi geli\u015ftiriyoruz.<\/p>\n\n\n\n<p><strong>3. Sonu\u00e7 Odakl\u0131 Yakla\u015f\u0131m<\/strong><\/p>\n\n\n\n<p>Bizim i\u00e7in ba\u015far\u0131, yaln\u0131zca g\u00f6r\u00fcn\u00fcrl\u00fck de\u011fil, ayn\u0131 zamanda \u00f6l\u00e7\u00fclebilir sonu\u00e7larla ilgilidir.<\/p>\n\n\n\n<p>Hedeflerinize ula\u015fman\u0131z\u0131 sa\u011flamak i\u00e7in veriye dayal\u0131 kararlar al\u0131yor ve s\u00fcrekli olarak<\/p>\n\n\n\n<p>kampanyalar\u0131n\u0131z\u0131 optimize ediyoruz. Performans metriklerinizi dikkatlice izleyerek, neyin i\u015fe<\/p>\n\n\n\n<p>yarad\u0131\u011f\u0131n\u0131 ve hangi alanlarda geli\u015fim sa\u011flanabilece\u011fini belirliyoruz.<\/p>\n\n\n\n<p><strong>4. \u015eeffaf \u0130leti\u015fim<\/strong><\/p>\n\n\n\n<p>Sizinle s\u00fcrekli ileti\u015fim halinde kalarak, s\u00fcrecin her a\u015famas\u0131nda bilgi payla\u015f\u0131m\u0131 yap\u0131yoruz.<\/p>\n\n\n\n<p>Raporlamalar\u0131m\u0131z sayesinde, kampanyalar\u0131n\u0131z\u0131n durumu ve elde edilen sonu\u00e7lar hakk\u0131nda her<\/p>\n\n\n\n<p>zaman g\u00fcncel bilgilere sahip olursunuz. Bizimle i\u015fbirli\u011fi yaparak, her ad\u0131mda ne yapt\u0131\u011f\u0131m\u0131z\u0131<\/p>\n\n\n\n<p>g\u00f6rebilirsiniz.<\/p>\n\n\n\n<p><strong>5. Y\u00fcksek ROI (Yat\u0131r\u0131m Getirisi)<\/strong><\/p>\n\n\n\n<p>Verimlili\u011fi \u00f6n planda tutarak, b\u00fct\u00e7enizi en iyi \u015fekilde kullanman\u0131za yard\u0131mc\u0131 oluruz. Hedeflerinize<\/p>\n\n\n\n<p>uygun teklif stratejileri ile minimum maliyetle maksimum geri d\u00f6n\u00fc\u015f alman\u0131z\u0131 sa\u011flamak i\u00e7in<\/p>\n\n\n\n<p>\u00e7al\u0131\u015f\u0131yoruz. Her ad\u0131mda yat\u0131r\u0131m getirinizi art\u0131rmay\u0131 hedefliyoruz.<\/p>\n\n\n\n<p><strong>6. Yenilik\u00e7i Teknolojiler<\/strong><\/p>\n\n\n\n<p>Sekt\u00f6rdeki en son yenilikleri takip ederek, en etkili ara\u00e7lar\u0131 ve teknolojileri kullan\u0131yoruz. Geli\u015fmi\u015f<\/p>\n\n\n\n<p>analiz yaz\u0131l\u0131mlar\u0131, otomasyon ara\u00e7lar\u0131 ve veri analiz teknikleri ile kampanyalar\u0131n\u0131z\u0131 g\u00fc\u00e7lendiriyoruz.<\/p>\n\n\n\n<p>Yenilik\u00e7i \u00e7\u00f6z\u00fcmlerle rakiplerinizin bir ad\u0131m \u00f6n\u00fcnde olman\u0131z\u0131 sa\u011fl\u0131yoruz.<\/p>\n\n\n\n<p><strong>7. M\u00fc\u015fteri Memnuniyeti<\/strong><\/p>\n\n\n\n<p>M\u00fc\u015fteri memnuniyeti, bizim i\u00e7in her \u015feyden \u00f6nce gelir. \u0130\u015fbirli\u011fimiz boyunca, beklentilerinizi a\u015fmak<\/p>\n\n\n\n<p>i\u00e7in s\u00fcrekli \u00e7aba g\u00f6steriyoruz. Her ad\u0131mda size de\u011fer katmak ve i\u015f hedeflerinize ula\u015fman\u0131za<\/p>\n\n\n\n<p>yard\u0131mc\u0131 olmak i\u00e7in buraday\u0131z.<\/p>\n\n\n\n<p>MARKANIZI PROFESYONELERE TESL\u0130M ED\u0130N!<\/p>\n\n\n\n<hr class=\"wp-block-separator has-alpha-channel-opacity is-style-wide\"\/>\n\n\n\n<p><\/p>\n","protected":false},"excerpt":{"rendered":"<p>\u0130\u00e7erik ve Mobil Pazarlama Y\u00f6netimi Ziyaret\u00e7ilerinizi sitenizde ve di\u011fer platform sayfalar\u0131n\u0131zda tutmak, onlara de\u011ferli bilgiler sunmak ve nihayetinde m\u00fc\u015fteriye d\u00f6n\u00fc\u015ft\u00fcrmek i\u00e7in etkili bir i\u00e7erik ve mobil pazarlama stratejisi geli\u015ftirmelisiniz. Neden \u0130\u00e7erik ve Mobil Pazarlama? Dijital d\u00fcnyada ba\u015far\u0131l\u0131 olmak i\u00e7in etkili bir i\u00e7erik stratejisi ve mobil pazarlama plan\u0131 gereklidir. Kullan\u0131c\u0131lar\u0131n s\u00fcrekli mobil cihazlar \u00fczerinden i\u00e7erik t\u00fcketti\u011fi [&hellip;]<\/p>\n","protected":false},"author":1,"featured_media":0,"parent":0,"menu_order":0,"comment_status":"closed","ping_status":"closed","template":"","meta":{"_themeisle_gutenberg_block_has_review":false,"footnotes":""},"class_list":["post-162","page","type-page","status-publish","hentry"],"_links":{"self":[{"href":"https:\/\/niraakademi.com\/index.php\/wp-json\/wp\/v2\/pages\/162","targetHints":{"allow":["GET"]}}],"collection":[{"href":"https:\/\/niraakademi.com\/index.php\/wp-json\/wp\/v2\/pages"}],"about":[{"href":"https:\/\/niraakademi.com\/index.php\/wp-json\/wp\/v2\/types\/page"}],"author":[{"embeddable":true,"href":"https:\/\/niraakademi.com\/index.php\/wp-json\/wp\/v2\/users\/1"}],"replies":[{"embeddable":true,"href":"https:\/\/niraakademi.com\/index.php\/wp-json\/wp\/v2\/comments?post=162"}],"version-history":[{"count":3,"href":"https:\/\/niraakademi.com\/index.php\/wp-json\/wp\/v2\/pages\/162\/revisions"}],"predecessor-version":[{"id":731,"href":"https:\/\/niraakademi.com\/index.php\/wp-json\/wp\/v2\/pages\/162\/revisions\/731"}],"wp:attachment":[{"href":"https:\/\/niraakademi.com\/index.php\/wp-json\/wp\/v2\/media?parent=162"}],"curies":[{"name":"wp","href":"https:\/\/api.w.org\/{rel}","templated":true}]}}